{"id":3178,"date":"2024-04-19T12:11:33","date_gmt":"2024-04-19T10:11:33","guid":{"rendered":"https:\/\/www.lynch-moussas.com\/the-chateaus-history\/"},"modified":"2024-04-23T17:21:59","modified_gmt":"2024-04-23T15:21:59","slug":"primeurs-2023","status":"publish","type":"page","link":"https:\/\/www.lynch-moussas.com\/en\/primeurs-2023\/","title":{"rendered":"Primeurs 2023"},"content":{"rendered":"<div class=\"wpb-content-wrapper\">[vc_row full_height=&#8221;yes&#8221; columns_placement=&#8221;stretch&#8221; el_class=&#8221;vc_row_intro&#8221; css=&#8221;.vc_custom_1713885597637{background-image: url(https:\/\/www.lynch-moussas.com\/wp-content\/uploads\/2024\/04\/PhilippeCasteja_DIVIN_6.jpg?id=3256) !important;background-position: center !important;background-repeat: no-repeat !important;background-size: cover !important;}&#8221; el_id=&#8221;section-1&#8243;][vc_column][vc_column_text]\t<p>\r\n\t\t<a href=\"https:\/\/www.lynch-moussas.com\/en\/\" class=\"intro-logo\">\r\n\t\t\t<img loading=\"lazy\" decoding=\"async\" width=\"1\" height=\"1\" src=\"https:\/\/www.lynch-moussas.com\/wp-content\/uploads\/2020\/09\/logo-large-white-2.svg\" class=\"aligncenter logo-desktop\" alt=\"\" \/><img loading=\"lazy\" decoding=\"async\" width=\"1024\" height=\"276\" src=\"https:\/\/www.lynch-moussas.com\/wp-content\/uploads\/2019\/04\/logo-large-1024x276.png\" class=\"aligncenter logo-mobile\" alt=\"\" srcset=\"https:\/\/www.lynch-moussas.com\/wp-content\/uploads\/2019\/04\/logo-large-1024x276.png 1024w, https:\/\/www.lynch-moussas.com\/wp-content\/uploads\/2019\/04\/logo-large-300x81.png 300w, https:\/\/www.lynch-moussas.com\/wp-content\/uploads\/2019\/04\/logo-large-768x207.png 768w, https:\/\/www.lynch-moussas.com\/wp-content\/uploads\/2019\/04\/logo-large.png 1084w\" sizes=\"(max-width: 1024px) 100vw, 1024px\" \/>\t\t<\/a>\r\n\t<\/p>\r\n\t\n<h1 style=\"text-align: center;\"><span style=\"color: #ffffff;\">Primeurs 2023<\/span><\/h1>\n[\/vc_column_text][\/vc_column][\/vc_row][vc_row full_height=&#8221;yes&#8221; equal_height=&#8221;yes&#8221; content_placement=&#8221;middle&#8221; el_id=&#8221;section-2&#8243;][vc_column css_animation=&#8221;fadeInLeft&#8221; width=&#8221;1\/2&#8243;][vc_column_text]\n<h2><span style=\"color: #000000;\">A SINGULAR CLIMATOLOGY FOR AN UNPRECEDENTED VINTAGE<\/span><\/h2>\n<p>Mild and cold periods alternate in March leading to a later budburst than in 2022.<br \/>\nWet and hot spring: high mildew pressure.<br \/>\nA period of fine weather favored flowering in good conditions, without any notable runoff.<br \/>\nThis phenomenon, combined with the conditions of last year floral induction, has brought a significant number of berries per grape. No water stress during fruit setting: large size of berries.<br \/>\nThese last two points led to a significant harvest potential for vineyards which were not affected by mildew.<br \/>\nJune: warm with heavy rain in stormy form.<br \/>\nA dry and unusual July with a cool second half.<br \/>\nVeraison is spread out, in a context of vegetative growth of the vine: delayed degradation of acidity which contributed to produce fresh wines with good acidity.<br \/>\nExceptionally hot period after August 15th: Such a heat wave after veraison is unprecedented. The reaction of the vine was therefore unpredictable. Above all, we noticed a major slowdown in maturation without any loss of aromas, which could have been the case.<br \/>\nLocal thunderstorms in September. This is where the harvest strategy was important and became the reading key of the 2023 vintage.<br \/>\nThus, after vinification, our wines appear colorful and fruity, with a very present tannin structure and a wonderful freshness.[\/vc_column_text][\/vc_column][vc_column css_animation=&#8221;fadeInRight&#8221; width=&#8221;1\/2&#8243; css=&#8221;.vc_custom_1713530147669{background-image: url(https:\/\/www.lynch-moussas.com\/wp-content\/uploads\/2024\/04\/7H0A0056-scaled.jpg?id=3198) !important;background-position: center !important;background-repeat: no-repeat !important;background-size: cover !important;}&#8221;][\/vc_column][\/vc_row][vc_row full_height=&#8221;yes&#8221; equal_height=&#8221;yes&#8221; content_placement=&#8221;middle&#8221; css=&#8221;.vc_custom_1555571021527{background-color: #f8f7f7 !important;}&#8221; el_id=&#8221;section-3&#8243;][vc_column css_animation=&#8221;fadeInRight&#8221;][vc_column_text]\n<h3><span style=\"color: #a92c28;\">Ch\u00e2teau Lynch-Moussas 2023<\/span><\/h3>\n<p>&#8220;The color is a deep garnet-red. The aromas of this Lynch Moussas are powerful and remarkably precise. Smoky, elegantly toasted nuances are followed by fruitier notes of redcurrant and raspberry. Lots of elegance. The palate does not disappoint. Dense and uninterrupted, the finish is tender, fresh and tannic all at once. A very fine wine.&#8221;<\/p>\n<p>Blend : 78% Cabernet Sauvignon, 22% Merlot<\/p>\n<p>Val\u00e9rie Lavigne and Axel Marchal, Doctors of \u0152nology<\/p>\n<p><a href=\"https:\/\/www.lynch-moussas.com\/wp-content\/uploads\/2024\/04\/Technical-sheet-Ch-Lynch-Moussas-2023.pdf\">Download the technical sheet.<\/a><\/p>\n<p><a href=\"https:\/\/www.lynch-moussas.com\/wp-content\/uploads\/2024\/04\/LYNCH-MOUSSAS-2023-scaled.jpg\">Download the bottle image.<\/a>[\/vc_column_text][\/vc_column][\/vc_row]\n<\/div>","protected":false},"excerpt":{"rendered":"<p>[vc_row full_height=&#8221;yes&#8221; columns_placement=&#8221;stretch&#8221; el_class=&#8221;vc_row_intro&#8221; css=&#8221;.vc_custom_1713885597637{background-image: url(https:\/\/www.lynch-moussas.com\/wp-content\/uploads\/2024\/04\/PhilippeCasteja_DIVIN_6.jpg?id=3256) !important;background-position: center !important;background-repeat: no-repeat !important;background-size: cover !important;}&#8221; el_id=&#8221;section-1&#8243;][vc_column][vc_column_text] Primeurs 2023 [\/vc_column_text][\/vc_column][\/vc_row][vc_row full_height=&#8221;yes&#8221; equal_height=&#8221;yes&#8221; content_placement=&#8221;middle&#8221; el_id=&#8221;section-2&#8243;][vc_column css_animation=&#8221;fadeInLeft&#8221; width=&#8221;1\/2&#8243;][vc_column_text] A SINGULAR CLIMATOLOGY FOR AN (&#8230;)<\/p>\n","protected":false},"author":3,"featured_media":0,"parent":0,"menu_order":0,"comment_status":"closed","ping_status":"closed","template":"","meta":{"footnotes":""},"class_list":["post-3178","page","type-page","status-publish","hentry"],"yoast_head":"<!-- This site is optimized with the Yoast SEO plugin v23.8 - https:\/\/yoast.com\/wordpress\/plugins\/seo\/ -->\n<title>L&#039;histoire du Ch\u00e2teau Ch\u00e2teau Lynch Moussas - Grand Cru class\u00e9 Pauillac<\/title>\n<meta name=\"description\" content=\"L\u2019histoire du Ch\u00e2teau Lynch Moussas remonte jusqu\u2019en 1610 : le Domaine de Moussas-Bages appartenait \u00e0 une famille de n\u00e9gociant en vins et propri\u00e9taire de plusieurs domaines.\" \/>\n<meta name=\"robots\" content=\"index, follow, max-snippet:-1, max-image-preview:large, max-video-preview:-1\" \/>\n<link rel=\"canonical\" href=\"https:\/\/www.lynch-moussas.com\/en\/primeurs-2023\/\" \/>\n<meta property=\"og:locale\" content=\"en_US\" \/>\n<meta property=\"og:type\" content=\"article\" \/>\n<meta property=\"og:title\" content=\"L&#039;histoire du Ch\u00e2teau Ch\u00e2teau Lynch Moussas - Grand Cru class\u00e9 Pauillac\" \/>\n<meta property=\"og:description\" content=\"L\u2019histoire du Ch\u00e2teau Lynch Moussas remonte jusqu\u2019en 1610 : le Domaine de Moussas-Bages appartenait \u00e0 une famille de n\u00e9gociant en vins et propri\u00e9taire de plusieurs domaines.\" \/>\n<meta property=\"og:url\" content=\"https:\/\/www.lynch-moussas.com\/en\/primeurs-2023\/\" \/>\n<meta property=\"og:site_name\" content=\"Ch\u00e2teau Lynch Moussas\" \/>\n<meta property=\"article:modified_time\" content=\"2024-04-23T15:21:59+00:00\" \/>\n<meta name=\"twitter:card\" content=\"summary_large_image\" \/>\n<meta name=\"twitter:label1\" content=\"Est. reading time\" \/>\n\t<meta name=\"twitter:data1\" content=\"2 minutes\" \/>\n<script type=\"application\/ld+json\" class=\"yoast-schema-graph\">{\"@context\":\"https:\/\/schema.org\",\"@graph\":[{\"@type\":\"WebPage\",\"@id\":\"https:\/\/www.lynch-moussas.com\/en\/primeurs-2023\/\",\"url\":\"https:\/\/www.lynch-moussas.com\/en\/primeurs-2023\/\",\"name\":\"L'histoire du Ch\u00e2teau Ch\u00e2teau Lynch Moussas - Grand Cru class\u00e9 Pauillac\",\"isPartOf\":{\"@id\":\"https:\/\/www.lynch-moussas.com\/#website\"},\"datePublished\":\"2024-04-19T10:11:33+00:00\",\"dateModified\":\"2024-04-23T15:21:59+00:00\",\"description\":\"L\u2019histoire du Ch\u00e2teau Lynch Moussas remonte jusqu\u2019en 1610 : le Domaine de Moussas-Bages appartenait \u00e0 une famille de n\u00e9gociant en vins et propri\u00e9taire de plusieurs domaines.\",\"breadcrumb\":{\"@id\":\"https:\/\/www.lynch-moussas.com\/en\/primeurs-2023\/#breadcrumb\"},\"inLanguage\":\"en-US\",\"potentialAction\":[{\"@type\":\"ReadAction\",\"target\":[\"https:\/\/www.lynch-moussas.com\/en\/primeurs-2023\/\"]}]},{\"@type\":\"BreadcrumbList\",\"@id\":\"https:\/\/www.lynch-moussas.com\/en\/primeurs-2023\/#breadcrumb\",\"itemListElement\":[{\"@type\":\"ListItem\",\"position\":1,\"name\":\"Accueil\",\"item\":\"https:\/\/www.lynch-moussas.com\/en\/\"},{\"@type\":\"ListItem\",\"position\":2,\"name\":\"Primeurs 2023\"}]},{\"@type\":\"WebSite\",\"@id\":\"https:\/\/www.lynch-moussas.com\/#website\",\"url\":\"https:\/\/www.lynch-moussas.com\/\",\"name\":\"Ch\u00e2teau Lynch Moussas\",\"description\":\"Grand Cru class\u00e9 Pauillac\",\"potentialAction\":[{\"@type\":\"SearchAction\",\"target\":{\"@type\":\"EntryPoint\",\"urlTemplate\":\"https:\/\/www.lynch-moussas.com\/?s={search_term_string}\"},\"query-input\":{\"@type\":\"PropertyValueSpecification\",\"valueRequired\":true,\"valueName\":\"search_term_string\"}}],\"inLanguage\":\"en-US\"}]}<\/script>\n<!-- \/ Yoast SEO plugin. -->","yoast_head_json":{"title":"L'histoire du Ch\u00e2teau Ch\u00e2teau Lynch Moussas - Grand Cru class\u00e9 Pauillac","description":"L\u2019histoire du Ch\u00e2teau Lynch Moussas remonte jusqu\u2019en 1610 : le Domaine de Moussas-Bages appartenait \u00e0 une famille de n\u00e9gociant en vins et propri\u00e9taire de plusieurs domaines.","robots":{"index":"index","follow":"follow","max-snippet":"max-snippet:-1","max-image-preview":"max-image-preview:large","max-video-preview":"max-video-preview:-1"},"canonical":"https:\/\/www.lynch-moussas.com\/en\/primeurs-2023\/","og_locale":"en_US","og_type":"article","og_title":"L'histoire du Ch\u00e2teau Ch\u00e2teau Lynch Moussas - Grand Cru class\u00e9 Pauillac","og_description":"L\u2019histoire du Ch\u00e2teau Lynch Moussas remonte jusqu\u2019en 1610 : le Domaine de Moussas-Bages appartenait \u00e0 une famille de n\u00e9gociant en vins et propri\u00e9taire de plusieurs domaines.","og_url":"https:\/\/www.lynch-moussas.com\/en\/primeurs-2023\/","og_site_name":"Ch\u00e2teau Lynch Moussas","article_modified_time":"2024-04-23T15:21:59+00:00","twitter_card":"summary_large_image","twitter_misc":{"Est. reading time":"2 minutes"},"schema":{"@context":"https:\/\/schema.org","@graph":[{"@type":"WebPage","@id":"https:\/\/www.lynch-moussas.com\/en\/primeurs-2023\/","url":"https:\/\/www.lynch-moussas.com\/en\/primeurs-2023\/","name":"L'histoire du Ch\u00e2teau Ch\u00e2teau Lynch Moussas - Grand Cru class\u00e9 Pauillac","isPartOf":{"@id":"https:\/\/www.lynch-moussas.com\/#website"},"datePublished":"2024-04-19T10:11:33+00:00","dateModified":"2024-04-23T15:21:59+00:00","description":"L\u2019histoire du Ch\u00e2teau Lynch Moussas remonte jusqu\u2019en 1610 : le Domaine de Moussas-Bages appartenait \u00e0 une famille de n\u00e9gociant en vins et propri\u00e9taire de plusieurs domaines.","breadcrumb":{"@id":"https:\/\/www.lynch-moussas.com\/en\/primeurs-2023\/#breadcrumb"},"inLanguage":"en-US","potentialAction":[{"@type":"ReadAction","target":["https:\/\/www.lynch-moussas.com\/en\/primeurs-2023\/"]}]},{"@type":"BreadcrumbList","@id":"https:\/\/www.lynch-moussas.com\/en\/primeurs-2023\/#breadcrumb","itemListElement":[{"@type":"ListItem","position":1,"name":"Accueil","item":"https:\/\/www.lynch-moussas.com\/en\/"},{"@type":"ListItem","position":2,"name":"Primeurs 2023"}]},{"@type":"WebSite","@id":"https:\/\/www.lynch-moussas.com\/#website","url":"https:\/\/www.lynch-moussas.com\/","name":"Ch\u00e2teau Lynch Moussas","description":"Grand Cru class\u00e9 Pauillac","potentialAction":[{"@type":"SearchAction","target":{"@type":"EntryPoint","urlTemplate":"https:\/\/www.lynch-moussas.com\/?s={search_term_string}"},"query-input":{"@type":"PropertyValueSpecification","valueRequired":true,"valueName":"search_term_string"}}],"inLanguage":"en-US"}]}},"_links":{"self":[{"href":"https:\/\/www.lynch-moussas.com\/en\/wp-json\/wp\/v2\/pages\/3178"}],"collection":[{"href":"https:\/\/www.lynch-moussas.com\/en\/wp-json\/wp\/v2\/pages"}],"about":[{"href":"https:\/\/www.lynch-moussas.com\/en\/wp-json\/wp\/v2\/types\/page"}],"author":[{"embeddable":true,"href":"https:\/\/www.lynch-moussas.com\/en\/wp-json\/wp\/v2\/users\/3"}],"replies":[{"embeddable":true,"href":"https:\/\/www.lynch-moussas.com\/en\/wp-json\/wp\/v2\/comments?post=3178"}],"version-history":[{"count":0,"href":"https:\/\/www.lynch-moussas.com\/en\/wp-json\/wp\/v2\/pages\/3178\/revisions"}],"wp:attachment":[{"href":"https:\/\/www.lynch-moussas.com\/en\/wp-json\/wp\/v2\/media?parent=3178"}],"curies":[{"name":"wp","href":"https:\/\/api.w.org\/{rel}","templated":true}]}}