{"id":3442,"date":"2026-04-20T15:01:59","date_gmt":"2026-04-20T13:01:59","guid":{"rendered":"https:\/\/www.lynch-moussas.com\/primeurs-2023-3\/"},"modified":"2026-04-21T10:48:53","modified_gmt":"2026-04-21T08:48:53","slug":"primeurs-2026","status":"publish","type":"page","link":"https:\/\/www.lynch-moussas.com\/en\/primeurs-2026\/","title":{"rendered":"Primeurs 2026"},"content":{"rendered":"<div class=\"wpb-content-wrapper\">[vc_row full_height=&#8221;yes&#8221; columns_placement=&#8221;stretch&#8221; el_class=&#8221;vc_row_intro&#8221; css=&#8221;.vc_custom_1713885597637{background-image: url(https:\/\/www.lynch-moussas.com\/wp-content\/uploads\/2024\/04\/PhilippeCasteja_DIVIN_6.jpg?id=3256) !important;background-position: center !important;background-repeat: no-repeat !important;background-size: cover !important;}&#8221; el_id=&#8221;section-1&#8243;][vc_column][vc_column_text css=&#8221;&#8221;]\t<p>\r\n\t\t<a href=\"https:\/\/www.lynch-moussas.com\/en\/\" class=\"intro-logo\">\r\n\t\t\t<img loading=\"lazy\" decoding=\"async\" width=\"1\" height=\"1\" src=\"https:\/\/www.lynch-moussas.com\/wp-content\/uploads\/2020\/09\/logo-large-white-2.svg\" class=\"aligncenter logo-desktop\" alt=\"\" \/><img loading=\"lazy\" decoding=\"async\" width=\"1024\" height=\"276\" src=\"https:\/\/www.lynch-moussas.com\/wp-content\/uploads\/2019\/04\/logo-large-1024x276.png\" class=\"aligncenter logo-mobile\" alt=\"\" srcset=\"https:\/\/www.lynch-moussas.com\/wp-content\/uploads\/2019\/04\/logo-large-1024x276.png 1024w, https:\/\/www.lynch-moussas.com\/wp-content\/uploads\/2019\/04\/logo-large-300x81.png 300w, https:\/\/www.lynch-moussas.com\/wp-content\/uploads\/2019\/04\/logo-large-768x207.png 768w, https:\/\/www.lynch-moussas.com\/wp-content\/uploads\/2019\/04\/logo-large.png 1084w\" sizes=\"(max-width: 1024px) 100vw, 1024px\" \/>\t\t<\/a>\r\n\t<\/p>\r\n\t\n<h1 style=\"text-align: center;\"><span style=\"color: #ffffff;\">Primeurs 2026<\/span><\/h1>\n[\/vc_column_text][\/vc_column][\/vc_row][vc_row full_height=&#8221;yes&#8221; equal_height=&#8221;yes&#8221; content_placement=&#8221;middle&#8221; el_id=&#8221;section-2&#8243;][vc_column css_animation=&#8221;fadeInLeft&#8221; width=&#8221;1\/2&#8243;][vc_column_text css=&#8221;&#8221;]\n<h2>2025 VINTAGE: A PERFECT BALANCE<br \/>\nBETWEEN EARLY RIPENING AND FRESHNESS<\/h2>\n<p>The 2025 vintage is shaping up to be outstanding, marked by a mild and dry winter that allowed winter work to be carried out under excellent conditions.<\/p>\n<p>Following an early and even budburst, the spring\u2014both mild and dry\u2014helped limit disease pressure.<\/p>\n<p>Flowering, early and rapid, took place at the end of May under favourable climatic conditions.<\/p>\n<p>The summer, characterised by a significant water deficit, promoted an equally early and uniform veraison. Hot and dry conditions persisted until mid-August, before giving way to strong diurnal temperature variations, ideal for perfecting grape ripeness.<\/p>\n<p>Harvesting, extremely early and beginning in the very first days of September, took place under very favourable conditions.<\/p>\n<p>Vinification, carried out with a focus on freshness, has resulted in a wine with vibrant fruit, a deep colour, a beautiful freshness on the palate, and a long aromatic persistence[\/vc_column_text][\/vc_column][vc_column css_animation=&#8221;fadeInRight&#8221; width=&#8221;1\/2&#8243; css=&#8221;.vc_custom_1776761067395{background-image: url(https:\/\/www.lynch-moussas.com\/wp-content\/uploads\/2024\/04\/7H0A0056-scaled.jpg?id=3198) !important;background-position: center !important;background-repeat: no-repeat !important;background-size: cover !important;}&#8221;][\/vc_column][\/vc_row][vc_row full_height=&#8221;yes&#8221; equal_height=&#8221;yes&#8221; content_placement=&#8221;middle&#8221;][vc_column css_animation=&#8221;fadeInRight&#8221; width=&#8221;1\/2&#8243; css=&#8221;.vc_custom_1776761109449{background-image: url(https:\/\/www.lynch-moussas.com\/wp-content\/uploads\/2026\/04\/Chateau_Lynch_Moussas_2025-15.jpg?id=3447) !important;background-position: center !important;background-repeat: no-repeat !important;background-size: contain !important;}&#8221;][\/vc_column][vc_column css_animation=&#8221;fadeInLeft&#8221; width=&#8221;1\/2&#8243;][vc_column_text css=&#8221;&#8221;]\n<h2><span style=\"color: #a92c28;\">TASTING NOTE BY AXEL MARCHAL AND VAL\u00c9RIE LAVIGNE, DOCTORS OF OENOLOGY<\/span><\/h2>\n<p>&#8220;The color shows remarkable intensity. The powerful aromas impress with their freshness. Initial elegantly toasted nuances give way to fruity notes of raspberry, intertwined with a hint of menthol. A beautiful complexity. The palate is dense and flavorful, extending into a finish that is both fresh and tannic. A great deal of elegance in this Lynch-Moussas 2025.&#8221;[\/vc_column_text][\/vc_column][\/vc_row][vc_row full_height=&#8221;yes&#8221; equal_height=&#8221;yes&#8221; content_placement=&#8221;middle&#8221; css=&#8221;.vc_custom_1555571021527{background-color: #f8f7f7 !important;}&#8221; el_id=&#8221;section-3&#8243;][vc_column css_animation=&#8221;fadeInRight&#8221;][vc_column_text css=&#8221;&#8221;]\n<h3><span style=\"color: #a92c28;\">Ch\u00e2teau Lynch-Moussas 2025<\/span><\/h3>\n<p><a href=\"https:\/\/www.lynch-moussas.com\/wp-content\/uploads\/2026\/04\/Fiche-Primeurs-Lynch-Moussas-2025-en_web.pdf\">Download the technical sheet.<\/a><\/p>\n<p><a href=\"https:\/\/www.lynch-moussas.com\/wp-content\/uploads\/2026\/04\/LYNCH-MOUSSAS-2025-MR-scaled.jpg\">Download the bottle image 75cl.<\/a><\/p>\n<p><a href=\"https:\/\/www.lynch-moussas.com\/wp-content\/uploads\/2026\/04\/Chateau_Lynch_Moussas_2025-15.jpg\">Download the bottle image 2,25l.<\/a>[\/vc_column_text][\/vc_column][\/vc_row]\n<\/div>","protected":false},"excerpt":{"rendered":"<p>[vc_row full_height=&#8221;yes&#8221; columns_placement=&#8221;stretch&#8221; el_class=&#8221;vc_row_intro&#8221; css=&#8221;.vc_custom_1713885597637{background-image: url(https:\/\/www.lynch-moussas.com\/wp-content\/uploads\/2024\/04\/PhilippeCasteja_DIVIN_6.jpg?id=3256) !important;background-position: center !important;background-repeat: no-repeat !important;background-size: cover !important;}&#8221; el_id=&#8221;section-1&#8243;][vc_column][vc_column_text css=&#8221;&#8221;] Primeurs 2026 [\/vc_column_text][\/vc_column][\/vc_row][vc_row full_height=&#8221;yes&#8221; equal_height=&#8221;yes&#8221; content_placement=&#8221;middle&#8221; el_id=&#8221;section-2&#8243;][vc_column css_animation=&#8221;fadeInLeft&#8221; width=&#8221;1\/2&#8243;][vc_column_text css=&#8221;&#8221;] 2025 VINTAGE: A (&#8230;)<\/p>\n","protected":false},"author":3,"featured_media":0,"parent":0,"menu_order":0,"comment_status":"closed","ping_status":"closed","template":"","meta":{"footnotes":""},"class_list":["post-3442","page","type-page","status-publish","hentry"],"yoast_head":"<!-- This site is optimized with the Yoast SEO plugin v23.8 - https:\/\/yoast.com\/wordpress\/plugins\/seo\/ -->\n<title>Primeurs 2026 Ch\u00e2teau Lynch Moussas 2025 - Grand Cru class\u00e9 Pauillac<\/title>\n<meta name=\"description\" content=\"Discover the 2025 vintage of Ch\u00e2teau Lynch-Moussas Pauillac Grand Cru Class\u00e9, and download technical sheet and bottleshots.\" \/>\n<meta name=\"robots\" content=\"index, follow, max-snippet:-1, max-image-preview:large, max-video-preview:-1\" \/>\n<link rel=\"canonical\" href=\"https:\/\/www.lynch-moussas.com\/en\/primeurs-2026\/\" \/>\n<meta property=\"og:locale\" content=\"en_US\" \/>\n<meta property=\"og:type\" content=\"article\" \/>\n<meta property=\"og:title\" content=\"Primeurs 2026 Ch\u00e2teau Lynch Moussas 2025 - Grand Cru class\u00e9 Pauillac\" \/>\n<meta property=\"og:description\" content=\"Discover the 2025 vintage of Ch\u00e2teau Lynch-Moussas Pauillac Grand Cru Class\u00e9, and download technical sheet and bottleshots.\" \/>\n<meta property=\"og:url\" content=\"https:\/\/www.lynch-moussas.com\/en\/primeurs-2026\/\" \/>\n<meta property=\"og:site_name\" content=\"Ch\u00e2teau Lynch Moussas\" \/>\n<meta property=\"article:modified_time\" content=\"2026-04-21T08:48:53+00:00\" \/>\n<meta name=\"twitter:card\" content=\"summary_large_image\" \/>\n<meta name=\"twitter:label1\" content=\"Est. reading time\" \/>\n\t<meta name=\"twitter:data1\" content=\"2 minutes\" \/>\n<script type=\"application\/ld+json\" class=\"yoast-schema-graph\">{\"@context\":\"https:\/\/schema.org\",\"@graph\":[{\"@type\":\"WebPage\",\"@id\":\"https:\/\/www.lynch-moussas.com\/en\/primeurs-2026\/\",\"url\":\"https:\/\/www.lynch-moussas.com\/en\/primeurs-2026\/\",\"name\":\"Primeurs 2026 Ch\u00e2teau Lynch Moussas 2025 - Grand Cru class\u00e9 Pauillac\",\"isPartOf\":{\"@id\":\"https:\/\/www.lynch-moussas.com\/#website\"},\"datePublished\":\"2026-04-20T13:01:59+00:00\",\"dateModified\":\"2026-04-21T08:48:53+00:00\",\"description\":\"Discover the 2025 vintage of Ch\u00e2teau Lynch-Moussas Pauillac Grand Cru Class\u00e9, and download technical sheet and bottleshots.\",\"breadcrumb\":{\"@id\":\"https:\/\/www.lynch-moussas.com\/en\/primeurs-2026\/#breadcrumb\"},\"inLanguage\":\"en-US\",\"potentialAction\":[{\"@type\":\"ReadAction\",\"target\":[\"https:\/\/www.lynch-moussas.com\/en\/primeurs-2026\/\"]}]},{\"@type\":\"BreadcrumbList\",\"@id\":\"https:\/\/www.lynch-moussas.com\/en\/primeurs-2026\/#breadcrumb\",\"itemListElement\":[{\"@type\":\"ListItem\",\"position\":1,\"name\":\"Accueil\",\"item\":\"https:\/\/www.lynch-moussas.com\/en\/\"},{\"@type\":\"ListItem\",\"position\":2,\"name\":\"Primeurs 2026\"}]},{\"@type\":\"WebSite\",\"@id\":\"https:\/\/www.lynch-moussas.com\/#website\",\"url\":\"https:\/\/www.lynch-moussas.com\/\",\"name\":\"Ch\u00e2teau Lynch Moussas\",\"description\":\"Grand Cru class\u00e9 Pauillac\",\"potentialAction\":[{\"@type\":\"SearchAction\",\"target\":{\"@type\":\"EntryPoint\",\"urlTemplate\":\"https:\/\/www.lynch-moussas.com\/?s={search_term_string}\"},\"query-input\":{\"@type\":\"PropertyValueSpecification\",\"valueRequired\":true,\"valueName\":\"search_term_string\"}}],\"inLanguage\":\"en-US\"}]}<\/script>\n<!-- \/ Yoast SEO plugin. -->","yoast_head_json":{"title":"Primeurs 2026 Ch\u00e2teau Lynch Moussas 2025 - Grand Cru class\u00e9 Pauillac","description":"Discover the 2025 vintage of Ch\u00e2teau Lynch-Moussas Pauillac Grand Cru Class\u00e9, and download technical sheet and bottleshots.","robots":{"index":"index","follow":"follow","max-snippet":"max-snippet:-1","max-image-preview":"max-image-preview:large","max-video-preview":"max-video-preview:-1"},"canonical":"https:\/\/www.lynch-moussas.com\/en\/primeurs-2026\/","og_locale":"en_US","og_type":"article","og_title":"Primeurs 2026 Ch\u00e2teau Lynch Moussas 2025 - Grand Cru class\u00e9 Pauillac","og_description":"Discover the 2025 vintage of Ch\u00e2teau Lynch-Moussas Pauillac Grand Cru Class\u00e9, and download technical sheet and bottleshots.","og_url":"https:\/\/www.lynch-moussas.com\/en\/primeurs-2026\/","og_site_name":"Ch\u00e2teau Lynch Moussas","article_modified_time":"2026-04-21T08:48:53+00:00","twitter_card":"summary_large_image","twitter_misc":{"Est. reading time":"2 minutes"},"schema":{"@context":"https:\/\/schema.org","@graph":[{"@type":"WebPage","@id":"https:\/\/www.lynch-moussas.com\/en\/primeurs-2026\/","url":"https:\/\/www.lynch-moussas.com\/en\/primeurs-2026\/","name":"Primeurs 2026 Ch\u00e2teau Lynch Moussas 2025 - Grand Cru class\u00e9 Pauillac","isPartOf":{"@id":"https:\/\/www.lynch-moussas.com\/#website"},"datePublished":"2026-04-20T13:01:59+00:00","dateModified":"2026-04-21T08:48:53+00:00","description":"Discover the 2025 vintage of Ch\u00e2teau Lynch-Moussas Pauillac Grand Cru Class\u00e9, and download technical sheet and bottleshots.","breadcrumb":{"@id":"https:\/\/www.lynch-moussas.com\/en\/primeurs-2026\/#breadcrumb"},"inLanguage":"en-US","potentialAction":[{"@type":"ReadAction","target":["https:\/\/www.lynch-moussas.com\/en\/primeurs-2026\/"]}]},{"@type":"BreadcrumbList","@id":"https:\/\/www.lynch-moussas.com\/en\/primeurs-2026\/#breadcrumb","itemListElement":[{"@type":"ListItem","position":1,"name":"Accueil","item":"https:\/\/www.lynch-moussas.com\/en\/"},{"@type":"ListItem","position":2,"name":"Primeurs 2026"}]},{"@type":"WebSite","@id":"https:\/\/www.lynch-moussas.com\/#website","url":"https:\/\/www.lynch-moussas.com\/","name":"Ch\u00e2teau Lynch Moussas","description":"Grand Cru class\u00e9 Pauillac","potentialAction":[{"@type":"SearchAction","target":{"@type":"EntryPoint","urlTemplate":"https:\/\/www.lynch-moussas.com\/?s={search_term_string}"},"query-input":{"@type":"PropertyValueSpecification","valueRequired":true,"valueName":"search_term_string"}}],"inLanguage":"en-US"}]}},"_links":{"self":[{"href":"https:\/\/www.lynch-moussas.com\/en\/wp-json\/wp\/v2\/pages\/3442"}],"collection":[{"href":"https:\/\/www.lynch-moussas.com\/en\/wp-json\/wp\/v2\/pages"}],"about":[{"href":"https:\/\/www.lynch-moussas.com\/en\/wp-json\/wp\/v2\/types\/page"}],"author":[{"embeddable":true,"href":"https:\/\/www.lynch-moussas.com\/en\/wp-json\/wp\/v2\/users\/3"}],"replies":[{"embeddable":true,"href":"https:\/\/www.lynch-moussas.com\/en\/wp-json\/wp\/v2\/comments?post=3442"}],"version-history":[{"count":2,"href":"https:\/\/www.lynch-moussas.com\/en\/wp-json\/wp\/v2\/pages\/3442\/revisions"}],"predecessor-version":[{"id":3472,"href":"https:\/\/www.lynch-moussas.com\/en\/wp-json\/wp\/v2\/pages\/3442\/revisions\/3472"}],"wp:attachment":[{"href":"https:\/\/www.lynch-moussas.com\/en\/wp-json\/wp\/v2\/media?parent=3442"}],"curies":[{"name":"wp","href":"https:\/\/api.w.org\/{rel}","templated":true}]}}