{"id":2972,"date":"2019-04-16T11:46:56","date_gmt":"2019-04-16T11:46:56","guid":{"rendered":"https:\/\/www.lynch-moussas.com\/mentions-legales\/"},"modified":"2025-02-11T10:26:29","modified_gmt":"2025-02-11T09:26:29","slug":"mentions-legales","status":"publish","type":"page","link":"https:\/\/www.lynch-moussas.com\/ja\/mentions-legales\/","title":{"rendered":"\u6cd5\u5f8b\u516c\u544a"},"content":{"rendered":"<div class=\"wpb-content-wrapper\">[vc_row full_height=&#8221;yes&#8221; columns_placement=&#8221;stretch&#8221; el_class=&#8221;vc_row_intro&#8221; css=&#8221;.vc_custom_1555916978675{background-image: url(http:\/\/www.lynch-moussas.com\/wp-content\/uploads\/2019\/04\/intro-background-2.jpg?id=95) !important;background-position: center !important;background-repeat: no-repeat !important;background-size: cover !important;}&#8221; el_id=&#8221;section-1&#8243;][vc_column][vc_column_text]\t<p>\r\n\t\t<a href=\"https:\/\/www.lynch-moussas.com\/ja\/\" class=\"intro-logo\">\r\n\t\t\t<img loading=\"lazy\" decoding=\"async\" width=\"1\" height=\"1\" src=\"https:\/\/www.lynch-moussas.com\/wp-content\/uploads\/2020\/09\/logo-large-white-2.svg\" class=\"aligncenter logo-desktop\" alt=\"\" \/><img loading=\"lazy\" decoding=\"async\" width=\"1024\" height=\"276\" src=\"https:\/\/www.lynch-moussas.com\/wp-content\/uploads\/2019\/04\/logo-large-1024x276.png\" class=\"aligncenter logo-mobile\" alt=\"\" srcset=\"https:\/\/www.lynch-moussas.com\/wp-content\/uploads\/2019\/04\/logo-large-1024x276.png 1024w, https:\/\/www.lynch-moussas.com\/wp-content\/uploads\/2019\/04\/logo-large-300x81.png 300w, https:\/\/www.lynch-moussas.com\/wp-content\/uploads\/2019\/04\/logo-large-768x207.png 768w, https:\/\/www.lynch-moussas.com\/wp-content\/uploads\/2019\/04\/logo-large.png 1084w\" sizes=\"(max-width: 1024px) 100vw, 1024px\" \/>\t\t<\/a>\r\n\t<\/p>\r\n\t\n<h1 style=\"text-align: center;\"><span style=\"color: #ffffff;\">\u6cd5\u5f8b\u516c\u544a<\/span><\/h1>\n[\/vc_column_text][\/vc_column][\/vc_row][vc_row full_height=&#8221;yes&#8221; equal_height=&#8221;yes&#8221; content_placement=&#8221;middle&#8221;][vc_column css_animation=&#8221;fadeInLeft&#8221; width=&#8221;1\/4&#8243;][\/vc_column][vc_column css_animation=&#8221;none&#8221; width=&#8221;2\/4&#8243;][vc_column_text]\n<h2><span style=\"color: #a92c28;\">\u500b\u4eba\u60c5\u5831<\/span><\/h2>\n<p>\u304a\u5ba2\u69d8\u304c\u30aa\u30f3\u30e9\u30a4\u30f3\u30fb\u30b3\u30f3\u30bf\u30af\u30c8\u30fb\u30d5\u30a9\u30fc\u30e0\u306b\u9023\u7d61\u5148\u3092\u8a18\u5165\u3057\u3001\u8fd4\u4fe1\u3092\u6c42\u3081\u308b\u30dc\u30c3\u30af\u30b9\u306b\u30c1\u30a7\u30c3\u30af\u3092\u5165\u308c\u305f\u5834\u5408\u3001\u30b7\u30e3\u30c8\u30fc\u30fb\u30c1\u30fc\u30e0\u306f10\u55b6\u696d\u65e5\u4ee5\u5185\u306b\u3053\u306e\u30ea\u30af\u30a8\u30b9\u30c8\u306b\u56de\u7b54\u3057\u307e\u3059\u3002\u3053\u306e\u30c7\u30fc\u30bf\u306f\u3001\u56de\u7b54\u304c\u63d0\u4f9b\u3055\u308c\u305f\u5f8c\u3001\u304a\u3088\u3073\/\u307e\u305f\u306f\u30e6\u30fc\u30b6\u30fc\u304c\u518d\u5ea6\u306e\u9023\u7d61\u3092\u5e0c\u671b\u3057\u306a\u3044\u5834\u5408\u306f\u3001\u4fdd\u6301\u3055\u308c\u307e\u305b\u3093\u3002\u56de\u7b54\u3068\u306f\u5225\u306b\u3001\u7d71\u8a08\u7684\u304a\u3088\u3073\uff0f\u307e\u305f\u306f\u5546\u696d\u7684\u306a\u76ee\u7684\u306e\u305f\u3081\u306b\u30c7\u30fc\u30bf\u51e6\u7406\u304c\u884c\u308f\u308c\u308b\u3053\u3068\u306f\u3042\u308a\u307e\u305b\u3093\u3002[\/vc_column_text][vc_column_text]\n<h2><span style=\"color: #a92c28;\"> \u30af\u30c3\u30ad\u30fc\uff08Cookies\uff09\u306e\u4f7f\u7528\u306b\u3064\u3044\u3066<\/span><\/h2>\n<p>\u30a6\u30a7\u30d6\u30b5\u30a4\u30c8\u3067\u306f\u3001\u8a2a\u554f\u306b\u95a2\u3059\u308b\u7d71\u8a08\u306e\u30d1\u30d5\u30a9\u30fc\u30de\u30f3\u30b9\u3092\u5411\u4e0a\u3055\u305b\u308b\u305f\u3081\u306b\u3001\u30af\u30c3\u30ad\u30fc\u3092\u4f7f\u7528\u3057\u3066\u3044\u307e\u3059\u3002\u30af\u30c3\u30ad\u30fc\u306f\u3001\u30a6\u30a7\u30d6\u30b5\u30a4\u30c8\u4e0a\u3067\u306e\u8a2a\u554f\u8005\u306e\u30ca\u30d3\u30b2\u30fc\u30b7\u30e7\u30f3\u3084\u7d4c\u8def\u3092\u628a\u63e1\u3059\u308b\u305f\u3081\u306e\u30c7\u30fc\u30bf\u30d5\u30a1\u30a4\u30eb\u3067\u3059\u3002\u30af\u30c3\u30ad\u30fc\u306b\u3088\u3063\u3066\u500b\u4eba\u60c5\u5831\u304c\u53ce\u96c6\u3055\u308c\u308b\u3053\u3068\u306f\u3042\u308a\u307e\u305b\u3093\u3002[\/vc_column_text][vc_column_text]\n<h2><span style=\"color: #a92c28;\">\u77e5\u7684\u8ca1\u7523\u6a29<\/span><\/h2>\n<p>\u672c\u30b5\u30a4\u30c8\u306b\u63b2\u8f09\u3055\u308c\u3066\u3044\u308b\u8981\u7d20\u3084\u60c5\u5831\u306e\u4e00\u90e8\u307e\u305f\u306f\u5168\u90e8\u3092\u7121\u65ad\u3067\u8907\u88fd\u30fb\u9812\u5e03\u3059\u308b\u3053\u3068\u3092\u7981\u3058\u307e\u3059\u3002\u3053\u306e\u30b3\u30f3\u30c6\u30f3\u30c4\u306f\u3001\u500b\u4eba\u7684\u306a\u5229\u7528\u304c\u53ef\u80fd\u3067\u3042\u308a\u3001\u96c6\u56e3\u7684\u306a\u5229\u7528\u306f\u3067\u304d\u307e\u305b\u3093\u3002\u77e5\u7684\u8ca1\u7523\u6cd5\u3067\u306f\u3001L.122-5.2\u00b0\u53ca\u30733\u00b0a\u306e\u6761\u9805\u306b\u3088\u308a\u3001\u4e00\u65b9\u3067\u306f\u300c\u8907\u88fd\u8005\u306e\u79c1\u7684\u4f7f\u7528\u306e\u305f\u3081\u306b\u53b3\u91cd\u306b\u78ba\u4fdd\u3055\u308c\u3001\u96c6\u56e3\u4f7f\u7528\u3092\u76ee\u7684\u3068\u3057\u306a\u3044\u8907\u88fd\u7269\u300d\u3001\u4ed6\u65b9\u3067\u306f\u3001\u4f8b\u793a\u53ca\u3073\u8aac\u660e\u306e\u305f\u3081\u306e\u5206\u6790\u53ca\u3073\u77ed\u3044\u5f15\u7528\u306e\u307f\u304c\u8a8d\u3081\u3089\u308c\u3066\u3044\u308b\u306e\u3067\u3001\u300c\u8457\u4f5c\u8005\u53c8\u306f\u305d\u306e\u6a29\u5229\u627f\u7d99\u4eba\u82e5\u3057\u304f\u306f\u8b72\u53d7\u4eba\u306e\u540c\u610f\u306a\u304f\u884c\u308f\u308c\u308b\u5168\u90e8\u53c8\u306f\u4e00\u90e8\u306e\u8868\u793a\u53c8\u306f\u8907\u88fd\u306f\u9055\u6cd5\u3068\u306a\u308b\u300d(art L. 122-4). \u3057\u305f\u304c\u3063\u3066\u3001\u3044\u304b\u306a\u308b\u65b9\u6cd5\u3067\u3042\u308c\u3001\u3053\u306e\u8868\u793a\u307e\u305f\u306f\u8907\u88fd\u306f\u3001\u77e5\u7684\u8ca1\u7523\u6cd5\u7b2c L. 335-2 \u6761\u4ee5\u4e0b\u306e\u898f\u5b9a\u306b\u3088\u3063\u3066\u7f70\u305b\u3089\u308c\u308b\u4fb5\u5bb3\u3092\u69cb\u6210\u3059\u308b\u3053\u3068\u306b\u306a\u308a\u307e\u3059\u3002[\/vc_column_text][vc_column_text]\n<h2><span style=\"color: #a92c28;\">\u51fa\u7248\u793e<\/span><\/h2>\n<p>\u767b\u9332\u4e8b\u52d9\u6240\uff1a Ch\u00e2teau Lynch-Moussas, 88 Quai de Bacalan 33300 Bordeaux<br \/>\n\u4f1a\u793e\u5f62\u614b\uff1aSCE<br \/>\n\u30b5\u30a4\u30ec\u30f3\u756a\u53f7\uff1a381 255 918<br \/>\nVAT\u756a\u53f7\uff1aFR 26 38 12 55 918<br \/>\n\u682a\u5f0f\u8cc7\u672c\uff1a15,057,900.00\u30e6\u30fc\u30ed<br \/>\n\u30e1\u30fc\u30eb\u30a2\u30c9\u30ec\u30b9 : domaines@borie-manoux.fr<br \/>\n\u96fb\u8a71\u756a\u53f7\uff1a05.56.00.00.70[\/vc_column_text][vc_column_text]\n<h2><span style=\"color: #a92c28;\">\u30de\u30cd\u30fc\u30b8\u30e3\u30fc<\/span><\/h2>\n<p>Philippe Cast\u00e9ja[\/vc_column_text][vc_column_text]\n<h2><span style=\"color: #a92c28;\">\u30db\u30b9\u30c8<\/span><\/h2>\n<p>Exalto<br \/>\n4 rue Ren\u00e9 Martrenchar<br \/>\n33150 Cenon<br \/>\n<a href=\"https:\/\/www.ex-alto.com\/\" target=\"_blank\" rel=\"noopener noreferrer\">www.ex-alto.com<\/a><br \/>\n05.56.32.62.63[\/vc_column_text][vc_column_text css=&#8221;&#8221;]\n<h2><span style=\"color: #a92c28;\">\u30c7\u30b6\u30a4\u30ca\u30fc\u30fb\u958b\u767a\u8005 <\/span><\/h2>\n<p>Kaizen Agency<br \/>\n9 rue Andr\u00e9 Darbon<br \/>\n33300 Bordeaux<br \/>\n<a href=\"tel:0535542281\">05 35 54 22 81<\/a><br \/>\n<a href=\"https:\/\/www.kaizen-agency.fr\/\">www.kaizen-agency.fr<\/a>[\/vc_column_text][vc_column_text]\n<h2><span style=\"color: #a92c28;\">\u5199\u771f\u30fb\u30d3\u30c7\u30aa\u30af\u30ec\u30b8\u30c3\u30c8<\/span><\/h2>\n<p>Photos :<br \/>\nSarah Matthews<br \/>\nPatrick Cronenberger<br \/>\nJulie Rey<br \/>\nMarie Repain<\/p>\n<p>Vid\u00e9os :<br \/>\nAtomic Production[\/vc_column_text][vc_column_text]\n<h2><span style=\"color: #a92c28;\">\u57f7\u7b46\u30fb\u51fa\u7248<\/span><\/h2>\n<p>Fr\u00e9d\u00e9ric Cast\u00e9ja<br \/>\nMarie Repain[\/vc_column_text][vc_column_text]\n<h2><span style=\"color: #a92c28;\">\u30c6\u30af\u30cb\u30ab\u30eb<\/span><\/h2>\n<p>St\u00e9phane Perot[\/vc_column_text][\/vc_column][vc_column width=&#8221;1\/4&#8243;][\/vc_column][\/vc_row]\n<\/div>","protected":false},"excerpt":{"rendered":"<p>[vc_row full_height=&#8221;y (&#8230;)<\/p>\n","protected":false},"author":3,"featured_media":0,"parent":0,"menu_order":0,"comment_status":"closed","ping_status":"open","template":"","meta":{"footnotes":""},"class_list":["post-2972","page","type-page","status-publish","hentry"],"yoast_head":"<!-- This site is optimized with the Yoast SEO plugin v23.8 - https:\/\/yoast.com\/wordpress\/plugins\/seo\/ -->\n<title>\u6cd5\u5f8b\u516c\u544a - Ch\u00e2teau Lynch Moussas - Grand Cru class\u00e9 Pauillac<\/title>\n<meta name=\"robots\" content=\"index, follow, max-snippet:-1, max-image-preview:large, max-video-preview:-1\" \/>\n<link rel=\"canonical\" href=\"https:\/\/www.lynch-moussas.com\/ja\/mentions-legales\/\" \/>\n<meta property=\"og:locale\" content=\"ja_JP\" \/>\n<meta property=\"og:type\" content=\"article\" \/>\n<meta property=\"og:title\" content=\"\u6cd5\u5f8b\u516c\u544a - Ch\u00e2teau Lynch Moussas - Grand Cru class\u00e9 Pauillac\" \/>\n<meta property=\"og:description\" content=\"[vc_row full_height=&#8221;y (...)\" \/>\n<meta property=\"og:url\" content=\"https:\/\/www.lynch-moussas.com\/ja\/mentions-legales\/\" \/>\n<meta property=\"og:site_name\" content=\"Ch\u00e2teau Lynch Moussas\" \/>\n<meta property=\"article:modified_time\" content=\"2025-02-11T09:26:29+00:00\" \/>\n<meta name=\"twitter:card\" content=\"summary_large_image\" \/>\n<meta name=\"twitter:label1\" content=\"\u63a8\u5b9a\u8aad\u307f\u53d6\u308a\u6642\u9593\" \/>\n\t<meta name=\"twitter:data1\" content=\"1\u5206\" \/>\n<script type=\"application\/ld+json\" class=\"yoast-schema-graph\">{\"@context\":\"https:\/\/schema.org\",\"@graph\":[{\"@type\":\"WebPage\",\"@id\":\"https:\/\/www.lynch-moussas.com\/ja\/mentions-legales\/\",\"url\":\"https:\/\/www.lynch-moussas.com\/ja\/mentions-legales\/\",\"name\":\"\u6cd5\u5f8b\u516c\u544a - Ch\u00e2teau Lynch Moussas - Grand Cru class\u00e9 Pauillac\",\"isPartOf\":{\"@id\":\"https:\/\/www.lynch-moussas.com\/#website\"},\"datePublished\":\"2019-04-16T11:46:56+00:00\",\"dateModified\":\"2025-02-11T09:26:29+00:00\",\"breadcrumb\":{\"@id\":\"https:\/\/www.lynch-moussas.com\/ja\/mentions-legales\/#breadcrumb\"},\"inLanguage\":\"ja\",\"potentialAction\":[{\"@type\":\"ReadAction\",\"target\":[\"https:\/\/www.lynch-moussas.com\/ja\/mentions-legales\/\"]}]},{\"@type\":\"BreadcrumbList\",\"@id\":\"https:\/\/www.lynch-moussas.com\/ja\/mentions-legales\/#breadcrumb\",\"itemListElement\":[{\"@type\":\"ListItem\",\"position\":1,\"name\":\"Accueil\",\"item\":\"https:\/\/www.lynch-moussas.com\/ja\/\"},{\"@type\":\"ListItem\",\"position\":2,\"name\":\"\u6cd5\u5f8b\u516c\u544a\"}]},{\"@type\":\"WebSite\",\"@id\":\"https:\/\/www.lynch-moussas.com\/#website\",\"url\":\"https:\/\/www.lynch-moussas.com\/\",\"name\":\"Ch\u00e2teau Lynch Moussas\",\"description\":\"Grand Cru class\u00e9 Pauillac\",\"potentialAction\":[{\"@type\":\"SearchAction\",\"target\":{\"@type\":\"EntryPoint\",\"urlTemplate\":\"https:\/\/www.lynch-moussas.com\/?s={search_term_string}\"},\"query-input\":{\"@type\":\"PropertyValueSpecification\",\"valueRequired\":true,\"valueName\":\"search_term_string\"}}],\"inLanguage\":\"ja\"}]}<\/script>\n<!-- \/ Yoast SEO plugin. -->","yoast_head_json":{"title":"\u6cd5\u5f8b\u516c\u544a - Ch\u00e2teau Lynch Moussas - Grand Cru class\u00e9 Pauillac","robots":{"index":"index","follow":"follow","max-snippet":"max-snippet:-1","max-image-preview":"max-image-preview:large","max-video-preview":"max-video-preview:-1"},"canonical":"https:\/\/www.lynch-moussas.com\/ja\/mentions-legales\/","og_locale":"ja_JP","og_type":"article","og_title":"\u6cd5\u5f8b\u516c\u544a - Ch\u00e2teau Lynch Moussas - Grand Cru class\u00e9 Pauillac","og_description":"[vc_row full_height=&#8221;y (...)","og_url":"https:\/\/www.lynch-moussas.com\/ja\/mentions-legales\/","og_site_name":"Ch\u00e2teau Lynch Moussas","article_modified_time":"2025-02-11T09:26:29+00:00","twitter_card":"summary_large_image","twitter_misc":{"\u63a8\u5b9a\u8aad\u307f\u53d6\u308a\u6642\u9593":"1\u5206"},"schema":{"@context":"https:\/\/schema.org","@graph":[{"@type":"WebPage","@id":"https:\/\/www.lynch-moussas.com\/ja\/mentions-legales\/","url":"https:\/\/www.lynch-moussas.com\/ja\/mentions-legales\/","name":"\u6cd5\u5f8b\u516c\u544a - Ch\u00e2teau Lynch Moussas - Grand Cru class\u00e9 Pauillac","isPartOf":{"@id":"https:\/\/www.lynch-moussas.com\/#website"},"datePublished":"2019-04-16T11:46:56+00:00","dateModified":"2025-02-11T09:26:29+00:00","breadcrumb":{"@id":"https:\/\/www.lynch-moussas.com\/ja\/mentions-legales\/#breadcrumb"},"inLanguage":"ja","potentialAction":[{"@type":"ReadAction","target":["https:\/\/www.lynch-moussas.com\/ja\/mentions-legales\/"]}]},{"@type":"BreadcrumbList","@id":"https:\/\/www.lynch-moussas.com\/ja\/mentions-legales\/#breadcrumb","itemListElement":[{"@type":"ListItem","position":1,"name":"Accueil","item":"https:\/\/www.lynch-moussas.com\/ja\/"},{"@type":"ListItem","position":2,"name":"\u6cd5\u5f8b\u516c\u544a"}]},{"@type":"WebSite","@id":"https:\/\/www.lynch-moussas.com\/#website","url":"https:\/\/www.lynch-moussas.com\/","name":"Ch\u00e2teau Lynch Moussas","description":"Grand Cru class\u00e9 Pauillac","potentialAction":[{"@type":"SearchAction","target":{"@type":"EntryPoint","urlTemplate":"https:\/\/www.lynch-moussas.com\/?s={search_term_string}"},"query-input":{"@type":"PropertyValueSpecification","valueRequired":true,"valueName":"search_term_string"}}],"inLanguage":"ja"}]}},"_links":{"self":[{"href":"https:\/\/www.lynch-moussas.com\/ja\/wp-json\/wp\/v2\/pages\/2972"}],"collection":[{"href":"https:\/\/www.lynch-moussas.com\/ja\/wp-json\/wp\/v2\/pages"}],"about":[{"href":"https:\/\/www.lynch-moussas.com\/ja\/wp-json\/wp\/v2\/types\/page"}],"author":[{"embeddable":true,"href":"https:\/\/www.lynch-moussas.com\/ja\/wp-json\/wp\/v2\/users\/3"}],"replies":[{"embeddable":true,"href":"https:\/\/www.lynch-moussas.com\/ja\/wp-json\/wp\/v2\/comments?post=2972"}],"version-history":[{"count":1,"href":"https:\/\/www.lynch-moussas.com\/ja\/wp-json\/wp\/v2\/pages\/2972\/revisions"}],"predecessor-version":[{"id":3433,"href":"https:\/\/www.lynch-moussas.com\/ja\/wp-json\/wp\/v2\/pages\/2972\/revisions\/3433"}],"wp:attachment":[{"href":"https:\/\/www.lynch-moussas.com\/ja\/wp-json\/wp\/v2\/media?parent=2972"}],"curies":[{"name":"wp","href":"https:\/\/api.w.org\/{rel}","templated":true}]}}