{"id":3274,"date":"2019-04-17T09:31:04","date_gmt":"2019-04-17T09:31:04","guid":{"rendered":"https:\/\/www.lynch-moussas.com\/presentation\/"},"modified":"2024-07-02T14:44:01","modified_gmt":"2024-07-02T12:44:01","slug":"presentation","status":"publish","type":"page","link":"https:\/\/www.lynch-moussas.com\/zh-hant\/presentation\/","title":{"rendered":"\u5386\u53f2 &#8211; L&#8217;histoire du Ch\u00e2teau"},"content":{"rendered":"<div class=\"wpb-content-wrapper\">[vc_row full_height=&#8221;yes&#8221; columns_placement=&#8221;stretch&#8221; el_class=&#8221;vc_row_intro&#8221; css=&#8221;.vc_custom_1555916884607{background-image: url(http:\/\/www.lynch-moussas.com\/wp-content\/uploads\/2019\/04\/intro-background-1.jpg?id=17) !important;background-position: center !important;background-repeat: no-repeat !important;background-size: cover !important;}&#8221; el_id=&#8221;section-1&#8243;][vc_column][vc_column_text]\t<p>\r\n\t\t<a href=\"https:\/\/www.lynch-moussas.com\/zh-hant\/\" class=\"intro-logo\">\r\n\t\t\t<img loading=\"lazy\" decoding=\"async\" width=\"1\" height=\"1\" src=\"https:\/\/www.lynch-moussas.com\/wp-content\/uploads\/2020\/09\/logo-large-white-2.svg\" class=\"aligncenter logo-desktop\" alt=\"\" \/><img loading=\"lazy\" decoding=\"async\" width=\"1024\" height=\"276\" src=\"https:\/\/www.lynch-moussas.com\/wp-content\/uploads\/2019\/04\/logo-large-1024x276.png\" class=\"aligncenter logo-mobile\" alt=\"\" srcset=\"https:\/\/www.lynch-moussas.com\/wp-content\/uploads\/2019\/04\/logo-large-1024x276.png 1024w, https:\/\/www.lynch-moussas.com\/wp-content\/uploads\/2019\/04\/logo-large-300x81.png 300w, https:\/\/www.lynch-moussas.com\/wp-content\/uploads\/2019\/04\/logo-large-768x207.png 768w, https:\/\/www.lynch-moussas.com\/wp-content\/uploads\/2019\/04\/logo-large.png 1084w\" sizes=\"(max-width: 1024px) 100vw, 1024px\" \/>\t\t<\/a>\r\n\t<\/p>\r\n\t\n<h1 style=\"text-align: center;\"><span style=\"color: #ffffff;\">\u5386\u53f2<\/span><\/h1>\n[\/vc_column_text][\/vc_column][\/vc_row][vc_row full_height=&#8221;yes&#8221; equal_height=&#8221;yes&#8221; content_placement=&#8221;middle&#8221; el_id=&#8221;section-2&#8243;][vc_column css_animation=&#8221;fadeInLeft&#8221; width=&#8221;1\/2&#8243;][vc_column_text]\n<h2><span style=\"color: #a92c28;\">\u5176\u8d77\u6e90\u53ef\u4ee5\u8ffd\u6eaf\u5230 17 \u4e16\u7eaa\u3002 <\/span><\/h2>\n<p>\u57ce\u5821\u7684\u5386\u53f2\u53ef\u4ee5\u8ffd\u6eaf\u5230 1610 \u5e74\uff0c\u5f53\u65f6\uff0cDomaine de Moussas-Bages \u5c5e\u4e8e Jehan \u5bb6\u65cf\uff0c\u4ed6\u662f\u4e00\u4f4d\u8461\u8404\u9152\u5546\u4eba\uff0c\u4e5f\u662f\u591a\u4e2a\u5e84\u56ed\u7684\u6240\u6709\u8005\u3002 1728 \u5e74\uff0cDrouillard \u5bb6\u65cf\u4e70\u4e0b\u4e86Domaine de Moussas-Bages\u3002[\/vc_column_text][\/vc_column][vc_column css_animation=&#8221;fadeInRight&#8221; width=&#8221;1\/2&#8243; css=&#8221;.vc_custom_1557766662767{background-image: url(http:\/\/www.lynch-moussas.com\/wp-content\/uploads\/2019\/05\/Lynch_Retouchok-1.jpg?id=494) !important;background-position: center !important;background-repeat: no-repeat !important;background-size: cover !important;}&#8221;][\/vc_column][\/vc_row][vc_row full_height=&#8221;yes&#8221; equal_height=&#8221;yes&#8221; content_placement=&#8221;middle&#8221; css=&#8221;.vc_custom_1555571021527{background-color: #f8f7f7 !important;}&#8221; el_id=&#8221;section-3&#8243;][vc_column css_animation=&#8221;fadeInLeft&#8221; width=&#8221;1\/2&#8243; css=&#8221;.vc_custom_1555942256603{background-image: url(http:\/\/www.lynch-moussas.com\/wp-content\/uploads\/2019\/04\/image-2.jpg?id=29) !important;background-position: center !important;background-repeat: no-repeat !important;background-size: cover !important;}&#8221;][\/vc_column][vc_column css_animation=&#8221;fadeInRight&#8221; width=&#8221;1\/2&#8243;][vc_column_text]\n<h3><span style=\"color: #a92c28;\">1748\u5e74Lynch\u7684\u51fa\u73b0\u3002<\/span><\/h3>\n<p>1748 \u5e74\uff0cThomas Lynch\u4ece\u59bb\u5b50Elisabeth Drouillard\u90a3\u91cc\u7ee7\u627f\u4e86\u5e84\u56ed\uff0c\u5e76\u5c06\u5176\u66f4\u540d\u4e3aCh\u00e2teau Lynch\u3002Jean-Baptiste Lynch\uff0c1808 \u5e74\u62c5\u4efb\u6ce2\u5c14\u591a\u5e02\u5e02\u957f\uff0c1811 \u5e74\u6210\u4e3a\u5e1d\u56fd\u4f2f\u7235\uff0c1815 \u5e74\u6210\u4e3a\u6cd5\u56fd\u8d35\u65cf\uff0c1779 \u5e74\u7ee7\u627f\u4e86\u57ce\u5821\uff0c\u5e76\u5728\u6cd5\u56fd\u5927\u9769\u547d\u671f\u95f4\u5c06\u5176\u7ba1\u7406\u6743\u59d4\u6258\u7ed9\u4ed6\u7684\u5144\u5f1f\u3001\u6ce2\u4e9a\u514b\u9a91\u58eb\u517c\u5e02\u957fMichel Lynch\u3002 1835\u5e74Jean-Baptiste Lynch\u53bb\u4e16\u540e\uff0cCh\u00e2teau Lynch\u4e00\u5206\u4e3a\u4e8c\uff1aCh\u00e2teaux Lynch-Moussas\uff08\u4f4d\u4e8eMoussas\u7684\u5730\u65b9\uff09\u548cLynch-Bages\uff08\u4f4d\u4e8eBages\u7684\u5730\u65b9\uff09\u3002 \u53ea\u6709Ch\u00e2teaux Lynch-Moussas\u4fdd\u7559\u4e86\u9152\u5e84\u7684\u57ce\u5821\u5efa\u7b51\u3002[\/vc_column_text][\/vc_column][\/vc_row][vc_row full_height=&#8221;yes&#8221; equal_height=&#8221;yes&#8221; content_placement=&#8221;middle&#8221; el_id=&#8221;section-4&#8243;][vc_column css_animation=&#8221;fadeInRight&#8221; width=&#8221;1\/2&#8243;][vc_column_text]\n<h3><span style=\"color: #a92c28;\">1847\u5e74\u81f31918\u5e74\uff1a\u897f\u73ed\u7259\u4eba\u65f6\u671f\u9152\u5e84\u7684\u5206\u7ea7\u3002<\/span><\/h3>\n<p>1847\u5e74\uff0cCh\u00e2teaux Lynch-Moussas\u88ab\u897f\u73ed\u7259\u9152\u5546\u5df4\u65af\u514b\u65af\u5bb6\u65cf\u6536\u8d2d\u3002 1855\u5e74\uff0cCh\u00e2teaux Lynch-Moussas\u6210\u4e3a\u6885\u591a\u514b\u5217\u7ea7\u9152\u5e84\u7b2c\u4e94\u7ea7\u3002 1855\u5e74\uff0c\u5e94\u62ff\u7834\u4ed1\u4e09\u4e16\u7684\u8981\u6c42\uff0c\u5728\u5df4\u9ece\u4e07\u56fd\u535a\u89c8\u4f1a\u4e4b\u9645\uff0c\u6ce2\u5c14\u591a\u5546\u4f1a\u7ec4\u7ec7\u4e86\u6ce2\u5c14\u591a\u8461\u8404\u9152\u7684\u5b98\u65b9\u5206\u7ea7\u3002\u6b64\u5206\u7ea7\u4ec5\u5305\u62ec\u6765\u81ea\u5de6\u5cb8\u7684\u8461\u8404\u9152\u4ee5\u53ca\u6765\u81ea\u82cf\u73b3\u4ea7\u533a\u7684\u9ad8\u7aef\u8461\u8404\u9152\uff0cCh\u00e2teau d&#8217;Yquem\uff0c\u4ee5\u53ca\u4f69\u8428\u514b-\u96f7\u5965\u826f\u4ea7\u533a\u7684\u8461\u8404\u9152\uff0cChateau Haut Brion\u3002\u8fd9\u4e2a\u5206\u7ea7\u5236\u5ea6\u5373\u4f7f\u5728\u4eca\u5929\u4ecd\u7136\u662f\u9ad8\u8d28\u91cf\u8461\u8404\u9152\u7684\u4fdd\u8bc1[\/vc_column_text][\/vc_column][vc_column css_animation=&#8221;fadeInRight&#8221; width=&#8221;1\/2&#8243; css=&#8221;.vc_custom_1608572151283{background-image: url(http:\/\/www.lynch-moussas.com\/wp-content\/uploads\/2020\/03\/lynch-moussas-histoire-02.jpg?id=982) !important;background-position: center !important;background-repeat: no-repeat !important;background-size: cover !important;}&#8221;][\/vc_column][\/vc_row][vc_row full_height=&#8221;yes&#8221; equal_height=&#8221;yes&#8221; content_placement=&#8221;middle&#8221; css=&#8221;.vc_custom_1583770761167{background-color: #f8f7f7 !important;}&#8221; el_id=&#8221;section-5&#8243;][vc_column css_animation=&#8221;fadeInLeft&#8221; width=&#8221;1\/2&#8243; css=&#8221;.vc_custom_1583772083234{background-image: url(http:\/\/www.lynch-moussas.com\/wp-content\/uploads\/2020\/03\/lynch-moussas-histoire-01.jpg?id=986) !important;background-position: center !important;background-repeat: no-repeat !important;background-size: cover !important;}&#8221;][\/vc_column][vc_column css_animation=&#8221;fadeInRight&#8221; width=&#8221;1\/2&#8243;][vc_column_text]\n<h3><span style=\"color: #a92c28;\">1919\u5e74\uff0cCast\u00e9ja\u5bb6\u65cf\u6536\u8d2d\u4e86\u9152\u5e84\u3002<\/span><\/h3>\n<p>1919\u5e74\uff0cJean Cast\u00e9ja\uff0c\u4ed6\u662f\u6ce2\u4e9a\u514b\u5217\u7ea7\u5e84\u56db\u7ea7\u7684Ch\u00e2teau Duhart-Milon\u3001\u6ce2\u4e9a\u514b\u5217\u7ea7\u5e84\u4e8c\u7ea7Ch\u00e2teau Pichon-Longueville Baron\u3001\u82cf\u73b3\u548c\u5df4\u8428\u514b\u4ea7\u533a\u5217\u7ea7\u5e84\u4e8c\u7ea7\u5e84Ch\u00e2teau Doisy-V\u00e9drines\u7684\u6240\u6709\u8005\uff0c\u4ed6\u628aCh\u00e2teau Lynch-Moussas \u7eb3\u5165\u4e86 Cast\u00e9ja \u5bb6\u65cf\u7684\u8d44\u4ea7\u3002\u5f53\u65f6\uff0c\u8be5\u9152\u5e84\u5360\u5730\u8d85\u8fc7250\u516c\u9877\uff0c\u5176\u4e2d\u5305\u62ec120\u516c\u9877\u7684\u8461\u8404\u56ed\u3001\u68ee\u6797\u548c\u7267\u573a\u3002 20 \u4e16\u7eaa 60 \u5e74\u4ee3\u672b\uff0cJean Cast\u00e9ja \u7684\u513f\u5b50 Pierre\u3001\u00c9mile\u3001Jean \u548c \u00c9douard Cast\u00e9ja \u51b3\u5b9a\u5206\u4eab\u5bb6\u65cf\u8d44\u4ea7\u3002[\/vc_column_text][\/vc_column][\/vc_row][vc_row full_height=&#8221;yes&#8221; equal_height=&#8221;yes&#8221; content_placement=&#8221;middle&#8221;][vc_column css_animation=&#8221;fadeInRight&#8221; width=&#8221;1\/2&#8243;][vc_column_text]\n<h3><span style=\"color: #a92c28;\">\u4ece 1970 \u5e74\u4ee3\u5230 2000 \u5e74\u4ee3\uff1a\u8fc8\u5411\u5dc5\u5cf0\u7684\u9152\u5e84\u3002 <\/span><\/h3>\n<p>1970 \u5e74\uff0c\u00c9mile Cast\u00e9ja\uff0c\u4ed6\u4e0eDenise Borie\u559c\u7ed3\u8fde\u7406\uff0c\u5e76\u6210\u4e3aChantal Preben Hansen\u548cPhilippe Cast\u00e9ja\u7684\u7236\u4eb2\uff0c\u63a5\u7ba1\u4e86\u9152\u5e84\u5e76\u627f\u62c5\u91cd\u8981\u5de5\u4f5c\u3002\u5f53\u65f6\u7684\u8461\u8404\u56ed\u9762\u79ef\u5df2\u51cf\u5c11\u81f3\u4e0d\u5230 10 \u516c\u9877\uff0c\u00c9mile Cast\u00e9ja\u5c06\u6574\u4e2a\u8461\u8404\u56ed\u91cd\u65b0\u79cd\u690d\u81f3 60 \u516c\u9877\u3002\u4ed6\u5bf9\u57ce\u5821\u8fdb\u884c\u4e86\u73b0\u4ee3\u5316\u6539\u9020\uff0c\u4ee5\u6062\u590d\u8fd9\u5ea7\u5b8f\u4f1f\u5efa\u7b51\u6614\u65e5\u7684\u5149\u5f69\uff0c\u7136\u540e\u53c8\u5bf9\u917f\u9152\u95f4\u8fdb\u884c\u4e86\u73b0\u4ee3\u5316\u6539\u9020\uff0c\u4f7f\u4e4b\u6210\u4e3a\u66f4\u597d\u7684\u917f\u9152\u8bbe\u5907\u3002\u90a3\u65f6\uff0c\u9152\u5e84\u56e0\u5176\u8461\u8404\u9152\u7684\u54c1\u8d28\u800c\u53d7\u5230\u5e7f\u6cdb\u8ba4\u53ef\u3002[\/vc_column_text][\/vc_column][vc_column css_animation=&#8221;fadeInRight&#8221; width=&#8221;1\/2&#8243; css=&#8221;.vc_custom_1608572163745{background-image: url(http:\/\/www.lynch-moussas.com\/wp-content\/uploads\/2020\/03\/7H0A0406.jpg?id=1473) !important;background-position: center !important;background-repeat: no-repeat !important;background-size: cover !important;}&#8221;][\/vc_column][\/vc_row][vc_row full_height=&#8221;yes&#8221; columns_placement=&#8221;stretch&#8221; equal_height=&#8221;yes&#8221; content_placement=&#8221;middle&#8221; css_animation=&#8221;fadeInUp&#8221; css=&#8221;.vc_custom_1608573053888{background-image: url(http:\/\/www.lynch-moussas.com\/wp-content\/uploads\/2020\/03\/7H0A0825.jpg?id=1509) !important;background-position: center !important;background-repeat: no-repeat !important;background-size: cover !important;}&#8221; el_id=&#8221;section-4&#8243; el_class=&#8221;vc_row_right_text&#8221;][vc_column width=&#8221;1\/2&#8243; el_class=&#8221;hidden&#8221;][\/vc_column][vc_column width=&#8221;1\/2&#8243; css=&#8221;.vc_custom_1611912508125{background-color: rgba(250,200,117,0.9) !important;*background-color: rgb(250,200,117) !important;}&#8221;][vc_column_text]\n<h3><span style=\"color: #a92c28;\">\u4ece 2000 \u5e74\u4ee3\u81f3\u4eca\uff1a\u9152\u5e84\u7684\u73b0\u4ee3\u5316\u548c\u526f\u724c\u8461\u8404\u9152\u7684\u8bde\u751f\u3002<\/span><\/h3>\n<p><span style=\"color: #000000;\">2000 \u5e74\u4ee3\uff0cPhilippe Cast\u00e9ja \u63a5\u624b\u5e76\u52a0\u5f3a\u4e86\u9152\u5e84\u7684\u9769\u65b0\u548c\u73b0\u4ee3\u5316\uff0c\u7279\u522b\u662f\u968f\u7740 Denis Dubourdieu \u53ca\u5176\u56e2\u961f\u7684\u5230\u6765\u3002<\/span><\/p>\n<p><span style=\"color: #000000;\">\u6b63\u662f\u5728 2001 \u5e74\uff0c\u00c9mile \u548c Philippe Cast\u00e9ja \u63a8\u51fa\u4e86Ch\u00e2teau Lynch-Moussas\u7684\u526f\u724c\u8461\u8404\u9152 Les Hauts de Lynch-Moussas\uff0c\u8be5\u9152\u6765\u81ea\u8461\u8404\u85e4\u9f84\u8f83\u5e74\u8f7b\u7684\u5730\u5757\u3002\u81ea2019\u5e746\u670821\u65e5\u8d77\uff0cCast\u00e9ja\u5bb6\u65cf\u62e5\u6709\u5e76\u7ba1\u7406Ch\u00e2teau Lynch-Moussas\u5df2\u6709100\u5e74\u7684\u5386\u53f2\u3002\u5728\u6b64\u671f\u95f4\uff0cCast\u00e9ja \u5bb6\u65cf\u5728 Ch\u00e2teau Lynch-Moussas \u4e3e\u529e\u4e86 2019 \u5e74\u7684\u82b1\u679d\u8282\u3002<\/span>[\/vc_column_text][\/vc_column][\/vc_row]\n<\/div>","protected":false},"excerpt":{"rendered":"<p>[vc_row full_height=&#8221;y (&#8230;)<\/p>\n","protected":false},"author":3,"featured_media":0,"parent":0,"menu_order":0,"comment_status":"closed","ping_status":"closed","template":"","meta":{"footnotes":""},"class_list":["post-3274","page","type-page","status-publish","hentry"],"yoast_head":"<!-- This site is optimized with the Yoast SEO plugin v23.8 - https:\/\/yoast.com\/wordpress\/plugins\/seo\/ -->\n<title>L&#039;histoire du Ch\u00e2teau Ch\u00e2teau Lynch Moussas - Grand Cru class\u00e9 Pauillac<\/title>\n<meta name=\"description\" content=\"\u57ce\u5821\u7684\u5386\u53f2\u53ef\u4ee5\u8ffd\u6eaf\u5230 1610 \u5e74\uff0c\u5f53\u65f6\uff0cDomaine de Moussas-Bages \u5c5e\u4e8e Jehan \u5bb6\u65cf\uff0c\u4ed6\u662f\u4e00\u4f4d\u8461\u8404\u9152\u5546\u4eba\uff0c\u4e5f\u662f\u591a\u4e2a\u5e84\u56ed\u7684\u6240\u6709\u8005\u3002 1728 \u5e74\uff0cDrouillard \u5bb6\u65cf\u4e70\u4e0b\u4e86Domaine de Moussas-Bages\u3002\" \/>\n<meta name=\"robots\" content=\"index, follow, max-snippet:-1, max-image-preview:large, max-video-preview:-1\" \/>\n<link rel=\"canonical\" href=\"https:\/\/www.lynch-moussas.com\/zh-hant\/presentation\/\" \/>\n<meta property=\"og:locale\" content=\"zh_TW\" \/>\n<meta property=\"og:type\" content=\"article\" \/>\n<meta property=\"og:title\" content=\"L&#039;histoire du Ch\u00e2teau Ch\u00e2teau Lynch Moussas - Grand Cru class\u00e9 Pauillac\" \/>\n<meta property=\"og:description\" content=\"\u57ce\u5821\u7684\u5386\u53f2\u53ef\u4ee5\u8ffd\u6eaf\u5230 1610 \u5e74\uff0c\u5f53\u65f6\uff0cDomaine de Moussas-Bages \u5c5e\u4e8e Jehan \u5bb6\u65cf\uff0c\u4ed6\u662f\u4e00\u4f4d\u8461\u8404\u9152\u5546\u4eba\uff0c\u4e5f\u662f\u591a\u4e2a\u5e84\u56ed\u7684\u6240\u6709\u8005\u3002 1728 \u5e74\uff0cDrouillard \u5bb6\u65cf\u4e70\u4e0b\u4e86Domaine de Moussas-Bages\u3002\" \/>\n<meta property=\"og:url\" content=\"https:\/\/www.lynch-moussas.com\/zh-hant\/presentation\/\" \/>\n<meta property=\"og:site_name\" content=\"Ch\u00e2teau Lynch Moussas\" \/>\n<meta property=\"article:modified_time\" content=\"2024-07-02T12:44:01+00:00\" \/>\n<meta name=\"twitter:card\" content=\"summary_large_image\" \/>\n<meta name=\"twitter:label1\" content=\"\u9810\u4f30\u95b1\u8b80\u6642\u9593\" \/>\n\t<meta name=\"twitter:data1\" content=\"3 \u5206\u9418\" \/>\n<script type=\"application\/ld+json\" class=\"yoast-schema-graph\">{\"@context\":\"https:\/\/schema.org\",\"@graph\":[{\"@type\":\"WebPage\",\"@id\":\"https:\/\/www.lynch-moussas.com\/zh-hant\/presentation\/\",\"url\":\"https:\/\/www.lynch-moussas.com\/zh-hant\/presentation\/\",\"name\":\"L'histoire du Ch\u00e2teau Ch\u00e2teau Lynch Moussas - Grand Cru class\u00e9 Pauillac\",\"isPartOf\":{\"@id\":\"https:\/\/www.lynch-moussas.com\/#website\"},\"datePublished\":\"2019-04-17T09:31:04+00:00\",\"dateModified\":\"2024-07-02T12:44:01+00:00\",\"description\":\"\u57ce\u5821\u7684\u5386\u53f2\u53ef\u4ee5\u8ffd\u6eaf\u5230 1610 \u5e74\uff0c\u5f53\u65f6\uff0cDomaine de Moussas-Bages \u5c5e\u4e8e Jehan \u5bb6\u65cf\uff0c\u4ed6\u662f\u4e00\u4f4d\u8461\u8404\u9152\u5546\u4eba\uff0c\u4e5f\u662f\u591a\u4e2a\u5e84\u56ed\u7684\u6240\u6709\u8005\u3002 1728 \u5e74\uff0cDrouillard \u5bb6\u65cf\u4e70\u4e0b\u4e86Domaine de Moussas-Bages\u3002\",\"breadcrumb\":{\"@id\":\"https:\/\/www.lynch-moussas.com\/zh-hant\/presentation\/#breadcrumb\"},\"inLanguage\":\"zh-TW\",\"potentialAction\":[{\"@type\":\"ReadAction\",\"target\":[\"https:\/\/www.lynch-moussas.com\/zh-hant\/presentation\/\"]}]},{\"@type\":\"BreadcrumbList\",\"@id\":\"https:\/\/www.lynch-moussas.com\/zh-hant\/presentation\/#breadcrumb\",\"itemListElement\":[{\"@type\":\"ListItem\",\"position\":1,\"name\":\"Accueil\",\"item\":\"https:\/\/www.lynch-moussas.com\/zh-hant\/\"},{\"@type\":\"ListItem\",\"position\":2,\"name\":\"\u5386\u53f2 &#8211; L&#8217;histoire du Ch\u00e2teau\"}]},{\"@type\":\"WebSite\",\"@id\":\"https:\/\/www.lynch-moussas.com\/#website\",\"url\":\"https:\/\/www.lynch-moussas.com\/\",\"name\":\"Ch\u00e2teau Lynch Moussas\",\"description\":\"Grand Cru class\u00e9 Pauillac\",\"potentialAction\":[{\"@type\":\"SearchAction\",\"target\":{\"@type\":\"EntryPoint\",\"urlTemplate\":\"https:\/\/www.lynch-moussas.com\/?s={search_term_string}\"},\"query-input\":{\"@type\":\"PropertyValueSpecification\",\"valueRequired\":true,\"valueName\":\"search_term_string\"}}],\"inLanguage\":\"zh-TW\"}]}<\/script>\n<!-- \/ Yoast SEO plugin. -->","yoast_head_json":{"title":"L'histoire du Ch\u00e2teau Ch\u00e2teau Lynch Moussas - Grand Cru class\u00e9 Pauillac","description":"\u57ce\u5821\u7684\u5386\u53f2\u53ef\u4ee5\u8ffd\u6eaf\u5230 1610 \u5e74\uff0c\u5f53\u65f6\uff0cDomaine de Moussas-Bages \u5c5e\u4e8e Jehan \u5bb6\u65cf\uff0c\u4ed6\u662f\u4e00\u4f4d\u8461\u8404\u9152\u5546\u4eba\uff0c\u4e5f\u662f\u591a\u4e2a\u5e84\u56ed\u7684\u6240\u6709\u8005\u3002 1728 \u5e74\uff0cDrouillard \u5bb6\u65cf\u4e70\u4e0b\u4e86Domaine de Moussas-Bages\u3002","robots":{"index":"index","follow":"follow","max-snippet":"max-snippet:-1","max-image-preview":"max-image-preview:large","max-video-preview":"max-video-preview:-1"},"canonical":"https:\/\/www.lynch-moussas.com\/zh-hant\/presentation\/","og_locale":"zh_TW","og_type":"article","og_title":"L'histoire du Ch\u00e2teau Ch\u00e2teau Lynch Moussas - Grand Cru class\u00e9 Pauillac","og_description":"\u57ce\u5821\u7684\u5386\u53f2\u53ef\u4ee5\u8ffd\u6eaf\u5230 1610 \u5e74\uff0c\u5f53\u65f6\uff0cDomaine de Moussas-Bages \u5c5e\u4e8e Jehan \u5bb6\u65cf\uff0c\u4ed6\u662f\u4e00\u4f4d\u8461\u8404\u9152\u5546\u4eba\uff0c\u4e5f\u662f\u591a\u4e2a\u5e84\u56ed\u7684\u6240\u6709\u8005\u3002 1728 \u5e74\uff0cDrouillard \u5bb6\u65cf\u4e70\u4e0b\u4e86Domaine de Moussas-Bages\u3002","og_url":"https:\/\/www.lynch-moussas.com\/zh-hant\/presentation\/","og_site_name":"Ch\u00e2teau Lynch Moussas","article_modified_time":"2024-07-02T12:44:01+00:00","twitter_card":"summary_large_image","twitter_misc":{"\u9810\u4f30\u95b1\u8b80\u6642\u9593":"3 \u5206\u9418"},"schema":{"@context":"https:\/\/schema.org","@graph":[{"@type":"WebPage","@id":"https:\/\/www.lynch-moussas.com\/zh-hant\/presentation\/","url":"https:\/\/www.lynch-moussas.com\/zh-hant\/presentation\/","name":"L'histoire du Ch\u00e2teau Ch\u00e2teau Lynch Moussas - Grand Cru class\u00e9 Pauillac","isPartOf":{"@id":"https:\/\/www.lynch-moussas.com\/#website"},"datePublished":"2019-04-17T09:31:04+00:00","dateModified":"2024-07-02T12:44:01+00:00","description":"\u57ce\u5821\u7684\u5386\u53f2\u53ef\u4ee5\u8ffd\u6eaf\u5230 1610 \u5e74\uff0c\u5f53\u65f6\uff0cDomaine de Moussas-Bages \u5c5e\u4e8e Jehan \u5bb6\u65cf\uff0c\u4ed6\u662f\u4e00\u4f4d\u8461\u8404\u9152\u5546\u4eba\uff0c\u4e5f\u662f\u591a\u4e2a\u5e84\u56ed\u7684\u6240\u6709\u8005\u3002 1728 \u5e74\uff0cDrouillard \u5bb6\u65cf\u4e70\u4e0b\u4e86Domaine de Moussas-Bages\u3002","breadcrumb":{"@id":"https:\/\/www.lynch-moussas.com\/zh-hant\/presentation\/#breadcrumb"},"inLanguage":"zh-TW","potentialAction":[{"@type":"ReadAction","target":["https:\/\/www.lynch-moussas.com\/zh-hant\/presentation\/"]}]},{"@type":"BreadcrumbList","@id":"https:\/\/www.lynch-moussas.com\/zh-hant\/presentation\/#breadcrumb","itemListElement":[{"@type":"ListItem","position":1,"name":"Accueil","item":"https:\/\/www.lynch-moussas.com\/zh-hant\/"},{"@type":"ListItem","position":2,"name":"\u5386\u53f2 &#8211; L&#8217;histoire du Ch\u00e2teau"}]},{"@type":"WebSite","@id":"https:\/\/www.lynch-moussas.com\/#website","url":"https:\/\/www.lynch-moussas.com\/","name":"Ch\u00e2teau Lynch Moussas","description":"Grand Cru class\u00e9 Pauillac","potentialAction":[{"@type":"SearchAction","target":{"@type":"EntryPoint","urlTemplate":"https:\/\/www.lynch-moussas.com\/?s={search_term_string}"},"query-input":{"@type":"PropertyValueSpecification","valueRequired":true,"valueName":"search_term_string"}}],"inLanguage":"zh-TW"}]}},"_links":{"self":[{"href":"https:\/\/www.lynch-moussas.com\/zh-hant\/wp-json\/wp\/v2\/pages\/3274"}],"collection":[{"href":"https:\/\/www.lynch-moussas.com\/zh-hant\/wp-json\/wp\/v2\/pages"}],"about":[{"href":"https:\/\/www.lynch-moussas.com\/zh-hant\/wp-json\/wp\/v2\/types\/page"}],"author":[{"embeddable":true,"href":"https:\/\/www.lynch-moussas.com\/zh-hant\/wp-json\/wp\/v2\/users\/3"}],"replies":[{"embeddable":true,"href":"https:\/\/www.lynch-moussas.com\/zh-hant\/wp-json\/wp\/v2\/comments?post=3274"}],"version-history":[{"count":0,"href":"https:\/\/www.lynch-moussas.com\/zh-hant\/wp-json\/wp\/v2\/pages\/3274\/revisions"}],"wp:attachment":[{"href":"https:\/\/www.lynch-moussas.com\/zh-hant\/wp-json\/wp\/v2\/media?parent=3274"}],"curies":[{"name":"wp","href":"https:\/\/api.w.org\/{rel}","templated":true}]}}