{"id":3293,"date":"2020-03-09T16:42:16","date_gmt":"2020-03-09T15:42:16","guid":{"rendered":"https:\/\/www.lynch-moussas.com\/equipe-du-chateau\/"},"modified":"2024-07-03T09:56:15","modified_gmt":"2024-07-03T07:56:15","slug":"equipe-du-chateau","status":"publish","type":"page","link":"https:\/\/www.lynch-moussas.com\/zh-hant\/equipe-du-chateau\/","title":{"rendered":"\u56e2\u961f &#8211; L&#8217;\u00e9quipe"},"content":{"rendered":"<div class=\"wpb-content-wrapper\">[vc_row full_height=&#8221;yes&#8221; columns_placement=&#8221;stretch&#8221; el_class=&#8221;vc_row_intro&#8221; css=&#8221;.vc_custom_1555916884607{background-image: url(http:\/\/www.lynch-moussas.com\/wp-content\/uploads\/2019\/04\/intro-background-1.jpg?id=17) !important;background-position: center !important;background-repeat: no-repeat !important;background-size: cover !important;}&#8221; el_id=&#8221;section-1&#8243;][vc_column][vc_column_text]\t<p>\r\n\t\t<a href=\"https:\/\/www.lynch-moussas.com\/zh-hant\/\" class=\"intro-logo\">\r\n\t\t\t<img loading=\"lazy\" decoding=\"async\" width=\"1\" height=\"1\" src=\"https:\/\/www.lynch-moussas.com\/wp-content\/uploads\/2020\/09\/logo-large-white-2.svg\" class=\"aligncenter logo-desktop\" alt=\"\" \/><img loading=\"lazy\" decoding=\"async\" width=\"1024\" height=\"276\" src=\"https:\/\/www.lynch-moussas.com\/wp-content\/uploads\/2019\/04\/logo-large-1024x276.png\" class=\"aligncenter logo-mobile\" alt=\"\" srcset=\"https:\/\/www.lynch-moussas.com\/wp-content\/uploads\/2019\/04\/logo-large-1024x276.png 1024w, https:\/\/www.lynch-moussas.com\/wp-content\/uploads\/2019\/04\/logo-large-300x81.png 300w, https:\/\/www.lynch-moussas.com\/wp-content\/uploads\/2019\/04\/logo-large-768x207.png 768w, https:\/\/www.lynch-moussas.com\/wp-content\/uploads\/2019\/04\/logo-large.png 1084w\" sizes=\"(max-width: 1024px) 100vw, 1024px\" \/>\t\t<\/a>\r\n\t<\/p>\r\n\t\n<h1 style=\"text-align: center;\"><span style=\"color: #ffffff;\">\u56e2\u961f<\/span><\/h1>\n[\/vc_column_text][\/vc_column][\/vc_row][vc_row full_height=&#8221;yes&#8221; equal_height=&#8221;yes&#8221; content_placement=&#8221;middle&#8221; el_id=&#8221;section-2&#8243;][vc_column css_animation=&#8221;fadeInLeft&#8221; width=&#8221;1\/2&#8243;][vc_column_text]\n<h2><span style=\"color: #a92c28;\">\u591a\u5143\u5316\u7684\u56e2\u961f\uff0c\u5171\u540c\u7684\u6210\u529f&#8230;<\/span><\/h2>\n<p>20 \u4e16\u7eaa 80 \u5e74\u4ee3\u521d\uff0cPhilippe Cast\u00e9ja\u5f00\u59cb\u5728\u53f3\u5cb8\u7684\u5bb6\u65cf\u4ea7\u4e1a\u6df1\u8015\uff0c\u5c24\u5176\u662f\u5723\u827e\u7c73\u5229\u6c38\u5217\u7ea7\u9152\u5e84\u4e00\u7ea7\u56edCh\u00e2teau TrotteVieille \u9152\u5e84\u3001\u5723\u827e\u7c73\u5229\u6c38\u7279\u7ea7\u9152\u5e84Ch\u00e2teau Berga\u548c\u6ce2\u7f8e\u4faf\u4ea7\u533a\u7684Ch\u00e2teau du Domaine de l&#8217;\u00c9glise\u3002 \u57282001 \u5e74\uff0c\u4ed6\u63a5\u7ba1\u4e86 H\u00e9ritiers Cast\u00e9ja \u4ea7\u4e1a\u7684\u5168\u90e8\u7ba1\u7406\u6743\uff0c\u5176\u4e2d\u5305\u62ecCh\u00e2teau Lynch-Moussas\u3002\u6700\u91cd\u8981\u7684\u662f\uff0c\u4ed6\u786e\u4fdd\u9152\u5e84\u5f97\u5230\u826f\u597d\u7684\u7ef4\u62a4\u548c\u8461\u8404\u9152\u7684\u54c1\u8d28\uff0c\u5176\u6b21\u662f\u8461\u8404\u9152\u7684\u63a8\u5e7f\u9500\u552e\u3002\u4ed6\u5728\u6ce2\u96c5\u514b\u4ea7\u533a\u7684\u9152\u5e84\u4ee5\u53ca\u6ce2\u5c14\u591a\u7684\u603b\u90e8\u9886\u5bfc\u7740\u4e00\u652f\u5177\u6709\u591a\u5143\u5316\u548c\u4e92\u8865\u6027\u7684\u56e2\u961f\u3002[\/vc_column_text][\/vc_column][vc_column css_animation=&#8221;fadeInRight&#8221; width=&#8221;1\/2&#8243; css=&#8221;.vc_custom_1555942276669{background-image: url(http:\/\/www.lynch-moussas.com\/wp-content\/uploads\/2019\/04\/image-4.jpg?id=48) !important;background-position: center !important;background-repeat: no-repeat !important;background-size: cover !important;}&#8221;][\/vc_column][\/vc_row][vc_row full_height=&#8221;yes&#8221; equal_height=&#8221;yes&#8221; content_placement=&#8221;middle&#8221; css=&#8221;.vc_custom_1597389769632{background-color: #f8f7f7 !important;}&#8221; el_id=&#8221;section-3&#8243; el_class=&#8221;vc_row_slider-main&#8221;][vc_column css_animation=&#8221;fadeInLeft&#8221; width=&#8221;1\/2&#8243; css=&#8221;.vc_custom_1583942437121{padding-right: 0px !important;background-position: center !important;background-repeat: no-repeat !important;background-size: cover !important;}&#8221; el_class=&#8221;slider-post-height&#8221;]\t<section class=\"section-slider-main\">\r\n\t\t\r\n\t\t<div class=\"slider-main\">\r\n\t\t\t<div class=\"slider__clip swiper-container\">\r\n\t\t\t\t<div class=\"slider__slides swiper-wrapper\">\r\n\t\t\t\t\t\t<div class=\"slider__slide swiper-slide\">\r\n\t\t<div class=\"slider__slide-image\"\r\n\t\tstyle=\"background-image: url(https:\/\/www.lynch-moussas.com\/wp-content\/uploads\/2019\/05\/190516_FDF_LM_5870_4.jpg);\">\r\n\t\t<\/div><!-- \/.slider__slide-image -->\r\n\r\n\t\t\t\t\t<div class=\"slider__slide-content\">\r\n\t\t\t\t<a href=\"https:\/\/www.lynch-moussas.com\/zh-hant\/\" class=\"logo\">\r\n\t\t\t\t\t<img loading=\"lazy\" decoding=\"async\" width=\"1\" height=\"1\" src=\"https:\/\/www.lynch-moussas.com\/wp-content\/uploads\/2020\/09\/logo-large-white-2.svg\" class=\"attachment-medium_large size-medium_large\" alt=\"\" \/>\t\t\t\t<\/a>\r\n\t\t\t<\/div><!-- \/.slider__slide-content -->\r\n\t\t\t<\/div><!-- \/.slider__slide -->\r\n\t\t<div class=\"slider__slide swiper-slide\">\r\n\t\t<div class=\"slider__slide-image\"\r\n\t\tstyle=\"background-image: url(https:\/\/www.lynch-moussas.com\/wp-content\/uploads\/2020\/03\/lynch-moussas-equipe-bloc3-2.jpg);\">\r\n\t\t<\/div><!-- \/.slider__slide-image -->\r\n\r\n\t\t\t\t\t<div class=\"slider__slide-content\">\r\n\t\t\t\t<a href=\"https:\/\/www.lynch-moussas.com\/zh-hant\/\" class=\"logo\">\r\n\t\t\t\t\t<img loading=\"lazy\" decoding=\"async\" width=\"1\" height=\"1\" src=\"https:\/\/www.lynch-moussas.com\/wp-content\/uploads\/2020\/09\/logo-large-white-2.svg\" class=\"attachment-medium_large size-medium_large\" alt=\"\" \/>\t\t\t\t<\/a>\r\n\t\t\t<\/div><!-- \/.slider__slide-content -->\r\n\t\t\t<\/div><!-- \/.slider__slide -->\r\n\t\t<div class=\"slider__slide swiper-slide\">\r\n\t\t<div class=\"slider__slide-image\"\r\n\t\tstyle=\"background-image: url(https:\/\/www.lynch-moussas.com\/wp-content\/uploads\/2022\/06\/olivier-gourdin.jpg);\">\r\n\t\t<\/div><!-- \/.slider__slide-image -->\r\n\r\n\t\t\t\t\t<div class=\"slider__slide-content\">\r\n\t\t\t\t<a href=\"https:\/\/www.lynch-moussas.com\/zh-hant\/\" class=\"logo\">\r\n\t\t\t\t\t<img loading=\"lazy\" decoding=\"async\" width=\"1\" height=\"1\" src=\"https:\/\/www.lynch-moussas.com\/wp-content\/uploads\/2020\/09\/logo-large-white-2.svg\" class=\"attachment-medium_large size-medium_large\" alt=\"\" \/>\t\t\t\t<\/a>\r\n\t\t\t<\/div><!-- \/.slider__slide-content -->\r\n\t\t\t<\/div><!-- \/.slider__slide -->\r\n\t\t<div class=\"slider__slide swiper-slide\">\r\n\t\t<div class=\"slider__slide-image\"\r\n\t\tstyle=\"background-image: url(https:\/\/www.lynch-moussas.com\/wp-content\/uploads\/2024\/02\/JBN7613-1920x2880.jpg);\">\r\n\t\t<\/div><!-- \/.slider__slide-image -->\r\n\r\n\t\t\t\t\t<div class=\"slider__slide-content\">\r\n\t\t\t\t<a href=\"https:\/\/www.lynch-moussas.com\/zh-hant\/\" class=\"logo\">\r\n\t\t\t\t\t<img loading=\"lazy\" decoding=\"async\" width=\"1\" height=\"1\" src=\"https:\/\/www.lynch-moussas.com\/wp-content\/uploads\/2020\/09\/logo-large-white-2.svg\" class=\"attachment-medium_large size-medium_large\" alt=\"\" \/>\t\t\t\t<\/a>\r\n\t\t\t<\/div><!-- \/.slider__slide-content -->\r\n\t\t\t<\/div><!-- \/.slider__slide -->\r\n\t\n\t\t\t\t<\/div><!-- \/.slider__slides -->\r\n\r\n\t\t\t\t<div class=\"swiper-button-prev\"><\/div>\r\n\t\t\t\t<div class=\"swiper-button-next\"><\/div>\r\n\t\t\t<\/div><!-- \/.slider__clip -->\r\n\t\t<\/div><!-- \/.slider-main -->\r\n\t<\/section><!-- \/.section-slider-main -->\r\n\t[\/vc_column][vc_column css_animation=&#8221;fadeInRight&#8221; width=&#8221;1\/2&#8243;][vc_column_text]\n<h2><span style=\"color: #a92c28;\">&#8230;\u7531\u9152\u5e84\u7684\u4e13\u5bb6\u56e2\u961f\u8d1f\u8d23\u8461\u8404\u9152\u79cd\u690d\uff0c <\/span><\/h2>\n<p>Ch\u00e2teau Lynch-Moussas \u7684\u56e2\u961f\u7531\u5927\u7ea6 20 \u540d\u5458\u5de5\u7ec4\u6210\u3002\u5176\u4e2d\uff0cDidier Chadourne\u81ea2013\u5e74\u8d77\u62c5\u4efb\u79cd\u690d\u4e3b\u7ba1\uff0c\u7ba1\u7406\u7740\u5c5e\u4e8e\u5bb6\u65cf\u7684\u6574\u4e2a\u6885\u591a\u514b\u8461\u8404\u56ed\uff0c\u5373180\u516c\u9877\uff0c\u4ee5\u53ca\u68ee\u6797\u3002 2022\u5e74\uff0cOlivier Gourdin\u52a0\u5165\u56e2\u961f\uff0c\u62c5\u4efb\u79cd\u690d\u526f\u4e3b\u7ba1\uff1b\u4ed6\u8d1f\u8d23\u79cd\u690d\u8461\u8404\u6811\uff0c\u4ece\u4fee\u526a\u5230\u6536\u83b7\u3002 Hugues Mathieu \u4e8e 2023 \u5e74 3 \u6708\u52a0\u5165\u56e2\u961f\uff0c\u62c5\u4efb\u9152\u7a96\u603b\u8d1f\u8d23\u4eba\u5e76\u7ba1\u7406\u6240\u6709\u917f\u9152\u5de5\u4f5c\u3002 [\/vc_column_text][\/vc_column][\/vc_row][vc_row full_height=&#8221;yes&#8221; equal_height=&#8221;yes&#8221; content_placement=&#8221;middle&#8221; el_id=&#8221;section-4&#8243; el_class=&#8221;vc_row_images&#8221;][vc_column css_animation=&#8221;fadeInLeft&#8221; width=&#8221;1\/2&#8243;][vc_column_text]\n<h2><span style=\"color: #a92c28;\">\u8461\u8404\u9152\u751f\u4ea7\u7684\u5916\u90e8\u987e\u95ee\uff0c <\/span><\/h2>\n<p>\u9152\u5e84\u9080\u8bf7\u917f\u9152\u5e08\u662f\u6839\u636e\u9152\u5e84\u8461\u8404\u9152\u751f\u4ea7\u7684\u4e0d\u540c\u9636\u6bb5\u8fdb\u884c\u54a8\u8be2\uff1a\u4ece\u4fee\u526a\u8461\u8404\u85e4\u5230\u8461\u8404\u9152\u7684\u6df7\u917f\u3002<\/p>\n<p>Val\u00e9rie Lavigne \u662f\u917f\u9152\u5b66\u535a\u58eb\uff0c\u73b0\u4efb\u6ce2\u5c14\u591a\u917f\u9152\u5b66\u9662\u7684\u6559\u6388\u517c\u7814\u7a76\u5458\uff0c\u540c\u65f6\u4e5f\u662f CIVB \u7684\u57f9\u8bad\u5e08\uff0c\u5979\u5df2\u5728Ch\u00e2teau Lynch-Moussas\u548c\u6211\u4eec\u96c6\u56e2\u7684\u5176\u4ed6\u9152\u5e84\u5de5\u4f5c\u4e86\u7ea6 15 \u5e74\u3002<\/p>\n<p>Axel Marchal \u81ea 2010 \u5e74\u8d77\u6210\u4e3a\u917f\u9152\u5b66\u535a\u58eb\uff0c\u81ea 2013 \u5e74\u8d77\u62c5\u4efb\u79d1\u5b66\u4e0e\u8461\u8404\u7814\u7a76\u6240\u8bb2\u5e08\uff0c\u63a5\u66ff Denis Dubourdieu \u638c\u7ba1\u6211\u4eec\u96c6\u56e2\u9152\u5e84\u7ea6 4 \u5e74[\/vc_column_text][\/vc_column][vc_column css_animation=&#8221;fadeInRight&#8221; width=&#8221;1\/2&#8243; css=&#8221;.vc_custom_1608651499651{background-position: center !important;background-repeat: no-repeat !important;background-size: cover !important;}&#8221; el_class=&#8221;vc_column_images&#8221;][vc_column_text]<img loading=\"lazy\" decoding=\"async\" class=\"alignnone wp-image-2088 size-full\" src=\"http:\/\/www.lynch-moussas.com\/wp-content\/uploads\/2020\/12\/man.jpg\" alt=\"\" width=\"753\" height=\"1186\" srcset=\"https:\/\/www.lynch-moussas.com\/wp-content\/uploads\/2020\/12\/man.jpg 753w, https:\/\/www.lynch-moussas.com\/wp-content\/uploads\/2020\/12\/man-190x300.jpg 190w, https:\/\/www.lynch-moussas.com\/wp-content\/uploads\/2020\/12\/man-650x1024.jpg 650w\" sizes=\"(max-width: 753px) 100vw, 753px\" \/><img loading=\"lazy\" decoding=\"async\" class=\"alignnone wp-image-2092 size-full\" src=\"http:\/\/www.lynch-moussas.com\/wp-content\/uploads\/2020\/12\/woman.jpg\" alt=\"\" width=\"753\" height=\"1184\" srcset=\"https:\/\/www.lynch-moussas.com\/wp-content\/uploads\/2020\/12\/woman.jpg 753w, https:\/\/www.lynch-moussas.com\/wp-content\/uploads\/2020\/12\/woman-191x300.jpg 191w, https:\/\/www.lynch-moussas.com\/wp-content\/uploads\/2020\/12\/woman-651x1024.jpg 651w\" sizes=\"(max-width: 753px) 100vw, 753px\" \/>[\/vc_column_text][\/vc_column][\/vc_row][vc_row full_height=&#8221;yes&#8221; equal_height=&#8221;yes&#8221; content_placement=&#8221;middle&#8221; css_animation=&#8221;fadeInUp&#8221; css=&#8221;.vc_custom_1709113274890{background-image: url(http:\/\/www.lynch-moussas.com\/wp-content\/uploads\/2019\/04\/image-6.jpg?id=53) !important;background-position: center !important;background-repeat: no-repeat !important;background-size: cover !important;}&#8221; el_class=&#8221;vc_row_overlay&#8221; el_id=&#8221;section-5&#8243;][vc_column css_animation=&#8221;none&#8221; width=&#8221;1\/2&#8243; css=&#8221;.vc_custom_1611912857790{background-color: rgba(250,200,117,0.9) !important;*background-color: rgb(250,200,117) !important;}&#8221;][vc_column_text]\n<h2><span style=\"color: #a92c28;\">\u8fd8\u6709\u603b\u90e8\u8d1f\u8d23\u884c\u653f\u548c\u9879\u76ee\u7ba1\u7406\u7684\u4e13\u5bb6 <\/span><\/h2>\n<p><span style=\"color: #000000;\">Thierry Ruban \u4e8e 1994 \u5e74\u4e0a\u4efb\uff0c\u62c5\u4efb\u96c6\u56e2\u4ea7\u4e1a\u603b\u76d1\uff0c\u8d1f\u8d23\u7ba1\u7406\u4ea7\u4e1a\u7684\u4f1a\u8ba1\u3001\u4eba\u529b\u8d44\u6e90\uff08\u62db\u8058\u3001\u5de5\u8d44\u7b49\uff09\u3001\u5927\u578b\u6d3b\u52a8\u548c\u53c2\u89c2\u8bbf\u95ee\u3001\u5b9a\u5236\u8461\u8404\u9152\u7684\u5e72\u6750\u6599\uff08\u4f9b\u5e94\u5546\u7684\u9009\u62e9\u548c\u540e\u7eed\uff09\u8fd8\u6709\u8461\u8404\u9152\u5e93\u5b58\u3002<\/span><\/p>\n<p><span style=\"color: #000000;\">\u5728\u9152\u5e84\u7684\u65e5\u5e38\u7ba1\u7406\u4e2d\uff0cPhilippe Cast\u00e9ja \u548c Thierry Ruban \u5404\u6709\u4e24\u540d\u4ea7\u4e1a\u52a9\u7406\u7406\uff1aMarie Leuret \u548c B\u00e9atrice Frapp\u00e9\uff0c\u4e24\u4eba\u5747\u4e8e 2018 \u5e74\u52a0\u5165\u3002\u5979\u4eec\u66f4\u591a\u7684\u662f\u8d1f\u8d23\u9152\u5e84\u5185\u7684\u9879\u76ee\uff08\u53c2\u89c2 \u3001\u54c1\u9274\u3001\u8bb0\u8005\u62db\u5f85\u4f1a\u3001\u5348\u5bb4\u7b49\u7b49\uff09\u3001\u671f\u9152\u9879\u76ee\uff0c\u6837\u9152\u3001\u88c5\u74f6\u548c\u5ba2\u6237\u5173\u7cfb\u7ba1\u7406\u3002<\/span>[\/vc_column_text][\/vc_column][vc_column css_animation=&#8221;none&#8221; width=&#8221;1\/2&#8243; el_class=&#8221;hidden&#8221;][\/vc_column][\/vc_row]\n<\/div>","protected":false},"excerpt":{"rendered":"<p>[vc_row full_height=&#8221;y (&#8230;)<\/p>\n","protected":false},"author":5,"featured_media":0,"parent":0,"menu_order":0,"comment_status":"closed","ping_status":"closed","template":"","meta":{"footnotes":""},"class_list":["post-3293","page","type-page","status-publish","hentry"],"yoast_head":"<!-- This site is optimized with the Yoast SEO plugin v23.8 - https:\/\/yoast.com\/wordpress\/plugins\/seo\/ -->\n<title>\u56e2\u961f Ch\u00e2teau Lynch Moussas - Grand Cru class\u00e9 Pauillac<\/title>\n<meta name=\"description\" content=\"Ch\u00e2teau Lynch-Moussas \u7684\u56e2\u961f\u7531\u5927\u7ea6 20 \u540d\u5458\u5de5\u7ec4\u6210\u3002\" \/>\n<meta name=\"robots\" content=\"index, follow, max-snippet:-1, max-image-preview:large, max-video-preview:-1\" \/>\n<link rel=\"canonical\" href=\"https:\/\/www.lynch-moussas.com\/zh-hant\/equipe-du-chateau\/\" \/>\n<meta property=\"og:locale\" content=\"zh_TW\" \/>\n<meta property=\"og:type\" content=\"article\" \/>\n<meta property=\"og:title\" content=\"\u56e2\u961f Ch\u00e2teau Lynch Moussas - Grand Cru class\u00e9 Pauillac\" \/>\n<meta property=\"og:description\" content=\"Ch\u00e2teau Lynch-Moussas \u7684\u56e2\u961f\u7531\u5927\u7ea6 20 \u540d\u5458\u5de5\u7ec4\u6210\u3002\" \/>\n<meta property=\"og:url\" content=\"https:\/\/www.lynch-moussas.com\/zh-hant\/equipe-du-chateau\/\" \/>\n<meta property=\"og:site_name\" content=\"Ch\u00e2teau Lynch Moussas\" \/>\n<meta property=\"article:modified_time\" content=\"2024-07-03T07:56:15+00:00\" \/>\n<meta property=\"og:image\" content=\"http:\/\/www.lynch-moussas.com\/wp-content\/uploads\/2020\/12\/man.jpg\" \/>\n<meta name=\"twitter:card\" content=\"summary_large_image\" \/>\n<meta name=\"twitter:label1\" content=\"\u9810\u4f30\u95b1\u8b80\u6642\u9593\" \/>\n\t<meta name=\"twitter:data1\" content=\"2 \u5206\u9418\" \/>\n<script type=\"application\/ld+json\" class=\"yoast-schema-graph\">{\"@context\":\"https:\/\/schema.org\",\"@graph\":[{\"@type\":\"WebPage\",\"@id\":\"https:\/\/www.lynch-moussas.com\/zh-hant\/equipe-du-chateau\/\",\"url\":\"https:\/\/www.lynch-moussas.com\/zh-hant\/equipe-du-chateau\/\",\"name\":\"\u56e2\u961f Ch\u00e2teau Lynch Moussas - Grand Cru class\u00e9 Pauillac\",\"isPartOf\":{\"@id\":\"https:\/\/www.lynch-moussas.com\/#website\"},\"primaryImageOfPage\":{\"@id\":\"https:\/\/www.lynch-moussas.com\/zh-hant\/equipe-du-chateau\/#primaryimage\"},\"image\":{\"@id\":\"https:\/\/www.lynch-moussas.com\/zh-hant\/equipe-du-chateau\/#primaryimage\"},\"thumbnailUrl\":\"http:\/\/www.lynch-moussas.com\/wp-content\/uploads\/2020\/12\/man.jpg\",\"datePublished\":\"2020-03-09T15:42:16+00:00\",\"dateModified\":\"2024-07-03T07:56:15+00:00\",\"description\":\"Ch\u00e2teau Lynch-Moussas \u7684\u56e2\u961f\u7531\u5927\u7ea6 20 \u540d\u5458\u5de5\u7ec4\u6210\u3002\",\"breadcrumb\":{\"@id\":\"https:\/\/www.lynch-moussas.com\/zh-hant\/equipe-du-chateau\/#breadcrumb\"},\"inLanguage\":\"zh-TW\",\"potentialAction\":[{\"@type\":\"ReadAction\",\"target\":[\"https:\/\/www.lynch-moussas.com\/zh-hant\/equipe-du-chateau\/\"]}]},{\"@type\":\"ImageObject\",\"inLanguage\":\"zh-TW\",\"@id\":\"https:\/\/www.lynch-moussas.com\/zh-hant\/equipe-du-chateau\/#primaryimage\",\"url\":\"http:\/\/www.lynch-moussas.com\/wp-content\/uploads\/2020\/12\/man.jpg\",\"contentUrl\":\"http:\/\/www.lynch-moussas.com\/wp-content\/uploads\/2020\/12\/man.jpg\"},{\"@type\":\"BreadcrumbList\",\"@id\":\"https:\/\/www.lynch-moussas.com\/zh-hant\/equipe-du-chateau\/#breadcrumb\",\"itemListElement\":[{\"@type\":\"ListItem\",\"position\":1,\"name\":\"Accueil\",\"item\":\"https:\/\/www.lynch-moussas.com\/zh-hant\/\"},{\"@type\":\"ListItem\",\"position\":2,\"name\":\"\u56e2\u961f &#8211; L&#8217;\u00e9quipe\"}]},{\"@type\":\"WebSite\",\"@id\":\"https:\/\/www.lynch-moussas.com\/#website\",\"url\":\"https:\/\/www.lynch-moussas.com\/\",\"name\":\"Ch\u00e2teau Lynch Moussas\",\"description\":\"Grand Cru class\u00e9 Pauillac\",\"potentialAction\":[{\"@type\":\"SearchAction\",\"target\":{\"@type\":\"EntryPoint\",\"urlTemplate\":\"https:\/\/www.lynch-moussas.com\/?s={search_term_string}\"},\"query-input\":{\"@type\":\"PropertyValueSpecification\",\"valueRequired\":true,\"valueName\":\"search_term_string\"}}],\"inLanguage\":\"zh-TW\"}]}<\/script>\n<!-- \/ Yoast SEO plugin. -->","yoast_head_json":{"title":"\u56e2\u961f Ch\u00e2teau Lynch Moussas - Grand Cru class\u00e9 Pauillac","description":"Ch\u00e2teau Lynch-Moussas \u7684\u56e2\u961f\u7531\u5927\u7ea6 20 \u540d\u5458\u5de5\u7ec4\u6210\u3002","robots":{"index":"index","follow":"follow","max-snippet":"max-snippet:-1","max-image-preview":"max-image-preview:large","max-video-preview":"max-video-preview:-1"},"canonical":"https:\/\/www.lynch-moussas.com\/zh-hant\/equipe-du-chateau\/","og_locale":"zh_TW","og_type":"article","og_title":"\u56e2\u961f Ch\u00e2teau Lynch Moussas - Grand Cru class\u00e9 Pauillac","og_description":"Ch\u00e2teau Lynch-Moussas \u7684\u56e2\u961f\u7531\u5927\u7ea6 20 \u540d\u5458\u5de5\u7ec4\u6210\u3002","og_url":"https:\/\/www.lynch-moussas.com\/zh-hant\/equipe-du-chateau\/","og_site_name":"Ch\u00e2teau Lynch Moussas","article_modified_time":"2024-07-03T07:56:15+00:00","og_image":[{"url":"http:\/\/www.lynch-moussas.com\/wp-content\/uploads\/2020\/12\/man.jpg"}],"twitter_card":"summary_large_image","twitter_misc":{"\u9810\u4f30\u95b1\u8b80\u6642\u9593":"2 \u5206\u9418"},"schema":{"@context":"https:\/\/schema.org","@graph":[{"@type":"WebPage","@id":"https:\/\/www.lynch-moussas.com\/zh-hant\/equipe-du-chateau\/","url":"https:\/\/www.lynch-moussas.com\/zh-hant\/equipe-du-chateau\/","name":"\u56e2\u961f Ch\u00e2teau Lynch Moussas - Grand Cru class\u00e9 Pauillac","isPartOf":{"@id":"https:\/\/www.lynch-moussas.com\/#website"},"primaryImageOfPage":{"@id":"https:\/\/www.lynch-moussas.com\/zh-hant\/equipe-du-chateau\/#primaryimage"},"image":{"@id":"https:\/\/www.lynch-moussas.com\/zh-hant\/equipe-du-chateau\/#primaryimage"},"thumbnailUrl":"http:\/\/www.lynch-moussas.com\/wp-content\/uploads\/2020\/12\/man.jpg","datePublished":"2020-03-09T15:42:16+00:00","dateModified":"2024-07-03T07:56:15+00:00","description":"Ch\u00e2teau Lynch-Moussas \u7684\u56e2\u961f\u7531\u5927\u7ea6 20 \u540d\u5458\u5de5\u7ec4\u6210\u3002","breadcrumb":{"@id":"https:\/\/www.lynch-moussas.com\/zh-hant\/equipe-du-chateau\/#breadcrumb"},"inLanguage":"zh-TW","potentialAction":[{"@type":"ReadAction","target":["https:\/\/www.lynch-moussas.com\/zh-hant\/equipe-du-chateau\/"]}]},{"@type":"ImageObject","inLanguage":"zh-TW","@id":"https:\/\/www.lynch-moussas.com\/zh-hant\/equipe-du-chateau\/#primaryimage","url":"http:\/\/www.lynch-moussas.com\/wp-content\/uploads\/2020\/12\/man.jpg","contentUrl":"http:\/\/www.lynch-moussas.com\/wp-content\/uploads\/2020\/12\/man.jpg"},{"@type":"BreadcrumbList","@id":"https:\/\/www.lynch-moussas.com\/zh-hant\/equipe-du-chateau\/#breadcrumb","itemListElement":[{"@type":"ListItem","position":1,"name":"Accueil","item":"https:\/\/www.lynch-moussas.com\/zh-hant\/"},{"@type":"ListItem","position":2,"name":"\u56e2\u961f &#8211; L&#8217;\u00e9quipe"}]},{"@type":"WebSite","@id":"https:\/\/www.lynch-moussas.com\/#website","url":"https:\/\/www.lynch-moussas.com\/","name":"Ch\u00e2teau Lynch Moussas","description":"Grand Cru class\u00e9 Pauillac","potentialAction":[{"@type":"SearchAction","target":{"@type":"EntryPoint","urlTemplate":"https:\/\/www.lynch-moussas.com\/?s={search_term_string}"},"query-input":{"@type":"PropertyValueSpecification","valueRequired":true,"valueName":"search_term_string"}}],"inLanguage":"zh-TW"}]}},"_links":{"self":[{"href":"https:\/\/www.lynch-moussas.com\/zh-hant\/wp-json\/wp\/v2\/pages\/3293"}],"collection":[{"href":"https:\/\/www.lynch-moussas.com\/zh-hant\/wp-json\/wp\/v2\/pages"}],"about":[{"href":"https:\/\/www.lynch-moussas.com\/zh-hant\/wp-json\/wp\/v2\/types\/page"}],"author":[{"embeddable":true,"href":"https:\/\/www.lynch-moussas.com\/zh-hant\/wp-json\/wp\/v2\/users\/5"}],"replies":[{"embeddable":true,"href":"https:\/\/www.lynch-moussas.com\/zh-hant\/wp-json\/wp\/v2\/comments?post=3293"}],"version-history":[{"count":0,"href":"https:\/\/www.lynch-moussas.com\/zh-hant\/wp-json\/wp\/v2\/pages\/3293\/revisions"}],"wp:attachment":[{"href":"https:\/\/www.lynch-moussas.com\/zh-hant\/wp-json\/wp\/v2\/media?parent=3293"}],"curies":[{"name":"wp","href":"https:\/\/api.w.org\/{rel}","templated":true}]}}