{"id":3308,"date":"2019-04-16T11:46:56","date_gmt":"2019-04-16T11:46:56","guid":{"rendered":"https:\/\/www.lynch-moussas.com\/mentions-legales\/"},"modified":"2025-02-11T10:27:19","modified_gmt":"2025-02-11T09:27:19","slug":"mentions-legales","status":"publish","type":"page","link":"https:\/\/www.lynch-moussas.com\/zh-hant\/mentions-legales\/","title":{"rendered":"\u6cd5\u5f8b\u516c\u544a &#8211; Mentions L\u00e9gales"},"content":{"rendered":"<div class=\"wpb-content-wrapper\">[vc_row full_height=&#8221;yes&#8221; columns_placement=&#8221;stretch&#8221; el_class=&#8221;vc_row_intro&#8221; css=&#8221;.vc_custom_1555916978675{background-image: url(http:\/\/www.lynch-moussas.com\/wp-content\/uploads\/2019\/04\/intro-background-2.jpg?id=95) !important;background-position: center !important;background-repeat: no-repeat !important;background-size: cover !important;}&#8221; el_id=&#8221;section-1&#8243;][vc_column][vc_column_text]\t<p>\r\n\t\t<a href=\"https:\/\/www.lynch-moussas.com\/zh-hant\/\" class=\"intro-logo\">\r\n\t\t\t<img loading=\"lazy\" decoding=\"async\" width=\"1\" height=\"1\" src=\"https:\/\/www.lynch-moussas.com\/wp-content\/uploads\/2020\/09\/logo-large-white-2.svg\" class=\"aligncenter logo-desktop\" alt=\"\" \/><img loading=\"lazy\" decoding=\"async\" width=\"1024\" height=\"276\" src=\"https:\/\/www.lynch-moussas.com\/wp-content\/uploads\/2019\/04\/logo-large-1024x276.png\" class=\"aligncenter logo-mobile\" alt=\"\" srcset=\"https:\/\/www.lynch-moussas.com\/wp-content\/uploads\/2019\/04\/logo-large-1024x276.png 1024w, https:\/\/www.lynch-moussas.com\/wp-content\/uploads\/2019\/04\/logo-large-300x81.png 300w, https:\/\/www.lynch-moussas.com\/wp-content\/uploads\/2019\/04\/logo-large-768x207.png 768w, https:\/\/www.lynch-moussas.com\/wp-content\/uploads\/2019\/04\/logo-large.png 1084w\" sizes=\"(max-width: 1024px) 100vw, 1024px\" \/>\t\t<\/a>\r\n\t<\/p>\r\n\t\n<h1 style=\"text-align: center;\"><span style=\"color: #ffffff;\">Mentions L\u00e9gales<\/span><\/h1>\n[\/vc_column_text][\/vc_column][\/vc_row][vc_row full_height=&#8221;yes&#8221; equal_height=&#8221;yes&#8221; content_placement=&#8221;middle&#8221;][vc_column css_animation=&#8221;fadeInLeft&#8221; width=&#8221;1\/4&#8243;][\/vc_column][vc_column css_animation=&#8221;none&#8221; width=&#8221;2\/4&#8243;][vc_column_text]\n<h2><span style=\"color: #a92c28;\">\u4e2a\u4eba\u8d44\u6599<\/span><\/h2>\n<p>\u5f53\u6e38\u5ba2\u901a\u8fc7\u5728\u7ebf\u8054\u7cfb\u8868\u586b\u5199\u8054\u7cfb\u4fe1\u606f\u5e76\u52fe\u9009\u8981\u6c42\u56de\u590d\u7684\u65b9\u6846\u65f6\uff0c\u9152\u5e84\u7684\u56e2\u961f\u4f1a\u572810\u4e2a\u5de5\u4f5c\u65e5\u5185\u5bf9\u8fd9\u4e00\u8bf7\u6c42\u4f5c\u51fa\u56de\u5e94\u3002\u4e00\u65e6\u63d0\u4f9b\u4e86\u56de\u5e94\u548c\/\u6216\u7528\u6237\u4e0d\u5e0c\u671b\u518d\u6b21\u88ab\u8054\u7cfb\uff0c\u8fd9\u4e9b\u6570\u636e\u5c31\u4e0d\u4f1a\u88ab\u4fdd\u7559\u3002\u9664\u4e86\u7b54\u590d\u4e4b\u5916\uff0c\u6ca1\u6709\u4e3a\u7edf\u8ba1\u548c\/\u6216\u5546\u4e1a\u76ee\u7684\u8fdb\u884c\u6570\u636e\u5904\u7406\u3002[\/vc_column_text][vc_column_text]\n<h2><span style=\"color: #a92c28;\">\u997c\u5e72\u7684\u4f7f\u7528<\/span><\/h2>\n<p>\u4e3a\u4e86\u63d0\u9ad8\u8bbf\u95ee\u7edf\u8ba1\u7684\u6027\u80fd\uff0cChateau TrotteVieille\u7f51\u7ad9\u4e0a\u4f7f\u7528\u4e86cookies\u3002Cookie\u662f\u4e00\u4e2a\u6570\u636e\u6587\u4ef6\uff0c\u4f7f\u6211\u4eec\u80fd\u591f\u4e86\u89e3\u8bbf\u95ee\u8005\u5728\u7f51\u7ad9\u4e0a\u7684\u5bfc\u822a\u548c\u8def\u5f84\u3002\u6ca1\u6709\u4efb\u4f55\u4e2a\u4eba\u4fe1\u606f\u662f\u901a\u8fc7cookies\u6536\u96c6\u7684[\/vc_column_text][vc_column_text]\n<h2><span style=\"color: #a92c28;\">\u77e5\u8bc6\u4ea7\u6743<\/span><\/h2>\n<p>\u7981\u6b62\u672a\u7ecf\u6388\u6743\u590d\u5236\u6216\u5206\u53d1\u672c\u7f51\u7ad9\u7684\u5168\u90e8\u6216\u90e8\u5206\u5185\u5bb9\u548c\u4fe1\u606f\u3002\u8fd9\u4e9b\u5185\u5bb9\u53ef\u4f9b\u79c1\u4eba\u800c\u975e\u96c6\u4f53\u4f7f\u7528\u3002\u6839\u636eL.122-5.2\u00b0\u548c3\u00b0a\u6761\u7684\u89c4\u5b9a\uff0c\u300a\u77e5\u8bc6\u4ea7\u6743\u6cd5\u300b\u4e00\u65b9\u9762\u53ea\u6388\u6743 &#8220;\u4e25\u683c\u4fdd\u7559\u7ed9\u590d\u5236\u8005\u79c1\u4eba\u4f7f\u7528\u800c\u4e0d\u7528\u4e8e\u96c6\u4f53\u4f7f\u7528\u7684\u526f\u672c\u6216\u590d\u5236\u54c1&#8221;\uff0c\u53e6\u4e00\u65b9\u9762\u4e5f\u6388\u6743\u4e3a\u4e3e\u4f8b\u548c\u8bf4\u660e\u76ee\u7684\u7684\u5206\u6790\u548c\u7b80\u77ed\u5f15\u7528\uff0c&#8221;\u4efb\u4f55\u672a\u7ecf\u4f5c\u8005\u6216\u5176\u6240\u6709\u6743\u7ee7\u627f\u4eba\u6216\u53d7\u8ba9\u4eba\u540c\u610f\u7684\u5168\u90e8\u6216\u90e8\u5206\u9648\u8ff0\u6216\u590d\u5236\u90fd\u662f\u8fdd\u6cd5\u7684&#8221;\uff08L.122-4\u6761\uff09\u3002\u56e0\u6b64\uff0c\u4ee5\u4efb\u4f55\u65b9\u5f0f\u8fdb\u884c\u7684\u8fd9\u79cd\u9648\u8ff0\u6216\u590d\u5236\u5c06\u6784\u6210\u4fb5\u6743\u884c\u4e3a\uff0c\u5e94\u53d7\u5230\u300a\u77e5\u8bc6\u4ea7\u6743\u6cd5\u300b\u7b2cL.335-2\u6761\u53ca\u4ee5\u4e0b\u6761\u6b3e\u7684\u5904\u7f5a\u3002[\/vc_column_text][vc_column_text]\n<h2><span style=\"color: #a92c28;\">\u8457\u4f5c\u4eba<\/span><\/h2>\n<p>\u9152\u5e84\u603b\u90e8 : Ch\u00e2teau Lynch-Moussas, 88 Quai de Bacalan 33300 Bordeaux<br \/>\n\u516c\u53f8\u7c7b\u578b : SCE<br \/>\n\u8b66\u62a5\u5668\u53f7\u7801 : 381 255 918<br \/>\n\u589e\u503c\u7a0e\u53f7 : FR 26 38 12 55 918<br \/>\n\u80a1\u672c : 15 057 900,00 \u20ac<br \/>\n\u7535\u5b50\u90ae\u4ef6\u5730\u5740 : domaines@borie-manoux.fr<br \/>\n\u7535\u8bdd : 05.56.00.00.70[\/vc_column_text][vc_column_text]\n<h2><span style=\"color: #a92c28;\">\u7ecf\u7406<\/span><\/h2>\n<p>Philippe Cast\u00e9ja[\/vc_column_text][vc_column_text]\n<h2><span style=\"color: #a92c28;\">\u865a\u62df\u4e3b\u673a<\/span><\/h2>\n<p>Exalto<br \/>\n4 rue Ren\u00e9 Martrenchar<br \/>\n33150 Cenon<br \/>\n<a href=\"https:\/\/www.ex-alto.com\/\" target=\"_blank\" rel=\"noopener noreferrer\">www.ex-alto.com<\/a><br \/>\n05.56.32.62.63[\/vc_column_text][vc_column_text css=&#8221;&#8221;]\n<h2><span style=\"color: #a92c28;\">\u8bbe\u8ba1\u5e08\u548c\u5f00\u53d1\u4eba\u5458 <\/span><\/h2>\n<p>Kaizen Agency<br \/>\n9 rue Andr\u00e9 Darbon<br \/>\n33300 Bordeaux<br \/>\n<a href=\"tel:0535542281\">05 35 54 22 81<\/a><br \/>\n<a href=\"https:\/\/www.kaizen-agency.fr\/\">www.kaizen-agency.fr<\/a>[\/vc_column_text][vc_column_text]\n<h2><span style=\"color: #a92c28;\">\u56fe\u7247\u6765\u6e90<\/span><\/h2>\n<p>Photos :<br \/>\nSarah Matthews<br \/>\nPatrick Cronenberger<br \/>\nJulie Rey<br \/>\nMarie Repain<\/p>\n<p>Vid\u00e9os :<br \/>\nAtomic Production[\/vc_column_text][vc_column_text]\n<h2><span style=\"color: #a92c28;\">\u5199\u4f5c\u548c\u51fa\u7248<\/span><\/h2>\n<p>Fr\u00e9d\u00e9ric Cast\u00e9ja<br \/>\nMarie Repain[\/vc_column_text][vc_column_text]\n<h2><span style=\"color: #a92c28;\">\u6280\u672f<\/span><\/h2>\n<p>St\u00e9phane Perot[\/vc_column_text][\/vc_column][vc_column width=&#8221;1\/4&#8243;][\/vc_column][\/vc_row]\n<\/div>","protected":false},"excerpt":{"rendered":"<p>[vc_row full_height=&#8221;y (&#8230;)<\/p>\n","protected":false},"author":3,"featured_media":0,"parent":0,"menu_order":0,"comment_status":"closed","ping_status":"open","template":"","meta":{"footnotes":""},"class_list":["post-3308","page","type-page","status-publish","hentry"],"yoast_head":"<!-- This site is optimized with the Yoast SEO plugin v23.8 - https:\/\/yoast.com\/wordpress\/plugins\/seo\/ -->\n<title>\u6cd5\u5f8b\u516c\u544a - Mentions L\u00e9gales - Ch\u00e2teau Lynch Moussas - Grand Cru class\u00e9 Pauillac<\/title>\n<meta name=\"description\" content=\"\u6cd5\u5f8b\u516c\u544a Ch\u00e2teau Lynch-Moussas\" \/>\n<meta name=\"robots\" content=\"index, follow, max-snippet:-1, max-image-preview:large, max-video-preview:-1\" \/>\n<link rel=\"canonical\" href=\"https:\/\/www.lynch-moussas.com\/zh-hant\/mentions-legales\/\" \/>\n<meta property=\"og:locale\" content=\"zh_TW\" \/>\n<meta property=\"og:type\" content=\"article\" \/>\n<meta property=\"og:title\" content=\"\u6cd5\u5f8b\u516c\u544a - Mentions L\u00e9gales - Ch\u00e2teau Lynch Moussas - Grand Cru class\u00e9 Pauillac\" \/>\n<meta property=\"og:description\" content=\"\u6cd5\u5f8b\u516c\u544a Ch\u00e2teau Lynch-Moussas\" \/>\n<meta property=\"og:url\" content=\"https:\/\/www.lynch-moussas.com\/zh-hant\/mentions-legales\/\" \/>\n<meta property=\"og:site_name\" content=\"Ch\u00e2teau Lynch Moussas\" \/>\n<meta property=\"article:modified_time\" content=\"2025-02-11T09:27:19+00:00\" \/>\n<meta name=\"twitter:card\" content=\"summary_large_image\" \/>\n<meta name=\"twitter:label1\" content=\"\u9810\u4f30\u95b1\u8b80\u6642\u9593\" \/>\n\t<meta name=\"twitter:data1\" content=\"1 \u5206\u9418\" \/>\n<script type=\"application\/ld+json\" class=\"yoast-schema-graph\">{\"@context\":\"https:\/\/schema.org\",\"@graph\":[{\"@type\":\"WebPage\",\"@id\":\"https:\/\/www.lynch-moussas.com\/zh-hant\/mentions-legales\/\",\"url\":\"https:\/\/www.lynch-moussas.com\/zh-hant\/mentions-legales\/\",\"name\":\"\u6cd5\u5f8b\u516c\u544a - Mentions L\u00e9gales - Ch\u00e2teau Lynch Moussas - Grand Cru class\u00e9 Pauillac\",\"isPartOf\":{\"@id\":\"https:\/\/www.lynch-moussas.com\/#website\"},\"datePublished\":\"2019-04-16T11:46:56+00:00\",\"dateModified\":\"2025-02-11T09:27:19+00:00\",\"description\":\"\u6cd5\u5f8b\u516c\u544a Ch\u00e2teau Lynch-Moussas\",\"breadcrumb\":{\"@id\":\"https:\/\/www.lynch-moussas.com\/zh-hant\/mentions-legales\/#breadcrumb\"},\"inLanguage\":\"zh-TW\",\"potentialAction\":[{\"@type\":\"ReadAction\",\"target\":[\"https:\/\/www.lynch-moussas.com\/zh-hant\/mentions-legales\/\"]}]},{\"@type\":\"BreadcrumbList\",\"@id\":\"https:\/\/www.lynch-moussas.com\/zh-hant\/mentions-legales\/#breadcrumb\",\"itemListElement\":[{\"@type\":\"ListItem\",\"position\":1,\"name\":\"Accueil\",\"item\":\"https:\/\/www.lynch-moussas.com\/zh-hant\/\"},{\"@type\":\"ListItem\",\"position\":2,\"name\":\"\u6cd5\u5f8b\u516c\u544a &#8211; Mentions L\u00e9gales\"}]},{\"@type\":\"WebSite\",\"@id\":\"https:\/\/www.lynch-moussas.com\/#website\",\"url\":\"https:\/\/www.lynch-moussas.com\/\",\"name\":\"Ch\u00e2teau Lynch Moussas\",\"description\":\"Grand Cru class\u00e9 Pauillac\",\"potentialAction\":[{\"@type\":\"SearchAction\",\"target\":{\"@type\":\"EntryPoint\",\"urlTemplate\":\"https:\/\/www.lynch-moussas.com\/?s={search_term_string}\"},\"query-input\":{\"@type\":\"PropertyValueSpecification\",\"valueRequired\":true,\"valueName\":\"search_term_string\"}}],\"inLanguage\":\"zh-TW\"}]}<\/script>\n<!-- \/ Yoast SEO plugin. -->","yoast_head_json":{"title":"\u6cd5\u5f8b\u516c\u544a - Mentions L\u00e9gales - Ch\u00e2teau Lynch Moussas - Grand Cru class\u00e9 Pauillac","description":"\u6cd5\u5f8b\u516c\u544a Ch\u00e2teau Lynch-Moussas","robots":{"index":"index","follow":"follow","max-snippet":"max-snippet:-1","max-image-preview":"max-image-preview:large","max-video-preview":"max-video-preview:-1"},"canonical":"https:\/\/www.lynch-moussas.com\/zh-hant\/mentions-legales\/","og_locale":"zh_TW","og_type":"article","og_title":"\u6cd5\u5f8b\u516c\u544a - Mentions L\u00e9gales - Ch\u00e2teau Lynch Moussas - Grand Cru class\u00e9 Pauillac","og_description":"\u6cd5\u5f8b\u516c\u544a Ch\u00e2teau Lynch-Moussas","og_url":"https:\/\/www.lynch-moussas.com\/zh-hant\/mentions-legales\/","og_site_name":"Ch\u00e2teau Lynch Moussas","article_modified_time":"2025-02-11T09:27:19+00:00","twitter_card":"summary_large_image","twitter_misc":{"\u9810\u4f30\u95b1\u8b80\u6642\u9593":"1 \u5206\u9418"},"schema":{"@context":"https:\/\/schema.org","@graph":[{"@type":"WebPage","@id":"https:\/\/www.lynch-moussas.com\/zh-hant\/mentions-legales\/","url":"https:\/\/www.lynch-moussas.com\/zh-hant\/mentions-legales\/","name":"\u6cd5\u5f8b\u516c\u544a - Mentions L\u00e9gales - Ch\u00e2teau Lynch Moussas - Grand Cru class\u00e9 Pauillac","isPartOf":{"@id":"https:\/\/www.lynch-moussas.com\/#website"},"datePublished":"2019-04-16T11:46:56+00:00","dateModified":"2025-02-11T09:27:19+00:00","description":"\u6cd5\u5f8b\u516c\u544a Ch\u00e2teau Lynch-Moussas","breadcrumb":{"@id":"https:\/\/www.lynch-moussas.com\/zh-hant\/mentions-legales\/#breadcrumb"},"inLanguage":"zh-TW","potentialAction":[{"@type":"ReadAction","target":["https:\/\/www.lynch-moussas.com\/zh-hant\/mentions-legales\/"]}]},{"@type":"BreadcrumbList","@id":"https:\/\/www.lynch-moussas.com\/zh-hant\/mentions-legales\/#breadcrumb","itemListElement":[{"@type":"ListItem","position":1,"name":"Accueil","item":"https:\/\/www.lynch-moussas.com\/zh-hant\/"},{"@type":"ListItem","position":2,"name":"\u6cd5\u5f8b\u516c\u544a &#8211; Mentions L\u00e9gales"}]},{"@type":"WebSite","@id":"https:\/\/www.lynch-moussas.com\/#website","url":"https:\/\/www.lynch-moussas.com\/","name":"Ch\u00e2teau Lynch Moussas","description":"Grand Cru class\u00e9 Pauillac","potentialAction":[{"@type":"SearchAction","target":{"@type":"EntryPoint","urlTemplate":"https:\/\/www.lynch-moussas.com\/?s={search_term_string}"},"query-input":{"@type":"PropertyValueSpecification","valueRequired":true,"valueName":"search_term_string"}}],"inLanguage":"zh-TW"}]}},"_links":{"self":[{"href":"https:\/\/www.lynch-moussas.com\/zh-hant\/wp-json\/wp\/v2\/pages\/3308"}],"collection":[{"href":"https:\/\/www.lynch-moussas.com\/zh-hant\/wp-json\/wp\/v2\/pages"}],"about":[{"href":"https:\/\/www.lynch-moussas.com\/zh-hant\/wp-json\/wp\/v2\/types\/page"}],"author":[{"embeddable":true,"href":"https:\/\/www.lynch-moussas.com\/zh-hant\/wp-json\/wp\/v2\/users\/3"}],"replies":[{"embeddable":true,"href":"https:\/\/www.lynch-moussas.com\/zh-hant\/wp-json\/wp\/v2\/comments?post=3308"}],"version-history":[{"count":1,"href":"https:\/\/www.lynch-moussas.com\/zh-hant\/wp-json\/wp\/v2\/pages\/3308\/revisions"}],"predecessor-version":[{"id":3434,"href":"https:\/\/www.lynch-moussas.com\/zh-hant\/wp-json\/wp\/v2\/pages\/3308\/revisions\/3434"}],"wp:attachment":[{"href":"https:\/\/www.lynch-moussas.com\/zh-hant\/wp-json\/wp\/v2\/media?parent=3308"}],"curies":[{"name":"wp","href":"https:\/\/api.w.org\/{rel}","templated":true}]}}